{"id":1113,"date":"2024-06-04T13:22:05","date_gmt":"2024-06-04T13:22:05","guid":{"rendered":"https:\/\/hama.is\/?page_id=1113"},"modified":"2024-07-15T14:46:34","modified_gmt":"2024-07-15T14:46:34","slug":"skilmalar","status":"publish","type":"page","link":"https:\/\/hama.is\/en\/skilmalar\/","title":{"rendered":"Terms"},"content":{"rendered":"<div class=\"row\"  id=\"row-1599595349\">\n\n\n\t<div id=\"col-1276120234\" class=\"col small-12 large-12\"  >\n\t\t\t\t<div class=\"col-inner\"  >\n\t\t\t\n\t\t\t\n\n\t<div id=\"gap-1427938503\" class=\"gap-element clearfix\" style=\"display:block; height:auto;\">\n\t\t\n<style>\n#gap-1427938503 {\n  padding-top: 50px;\n}\n<\/style>\n\t<\/div>\n\t\n\n<p><strong>H\u00e1mu&#039;s terms and conditions<\/strong><br \/>Company information<br \/>Name: H\u00e1ma (Students&#039; Association)<br \/>Social security number: 540169-6249<br \/>Address: S\u00e6mundargata 4, 102 Reykjav\u00edk<br \/>570-0893, hama@fs.is<br \/><br \/><strong>Processing of orders:<\/strong><br \/>All orders are processed by agreement. Orders are picked up during opening hours in H\u00e1mu on H\u00e1sk\u00f3ltorg, see opening hours on the website. You can have orders sent within the capital area for a fee. The price of orders is as follows 4,500 ISK. within H\u00e1ma&#039;s opening hours and ISK 30,000. outside of H\u00e1mu&#039;s opening hours and on weekends. Information about when orders must be received can be found on the website.<br \/><br \/><strong>Price<\/strong><br \/>All prices for meals are in Icelandic kr\u00f3na and include 11% VAT. Home delivery fee and other services include 24% VAT.<br \/><br \/><strong>Payments:<\/strong><br \/>An invoice is sent to the payer specified in the order form and is paid as a claim at the local bank.<br \/>Refund policy<br \/>There is no right of return or refund on the products unless there is a defect.<br \/><br \/><strong>Privacy:<\/strong><br \/>You can find out about the privacy policy of the Student Association here: https:\/\/www.fs.is\/personuvundartstefna\/<br \/><br \/><strong>Services and information<\/strong><br \/>The buyer is advised to send an email with all the information regarding the purchase to hama@fs.is to get a solution to what is missing. Any changes that may be made to these terms and conditions will take effect after the updated version has been published on H\u00e1mu&#039;s website.<\/p>\n\n\t\t<\/div>\n\t\t\t\t\t<\/div>\n\n\t\n\n<\/div>\n\t<div id=\"gap-2105514954\" class=\"gap-element clearfix hide-for-small\" style=\"display:block; height:auto;\">\n\t\t\n<style>\n#gap-2105514954 {\n  padding-top: 80px;\n}\n<\/style>\n\t<\/div>\n\t\n\n\n\t<section class=\"section\" id=\"section_1991906459\">\n\t\t<div class=\"section-bg fill\" >\n\t\t\t\t\t\t\t\t\t\n\t\t\t\n\t<div class=\"is-border\"\n\t\tstyle=\"border-width:0px 0px 0px 0px;\">\n\t<\/div>\n\n\t\t<\/div>\n\n\t\t\n\n\t\t<div class=\"section-content relative\">\n\t\t\t\n\n<div class=\"row align-center\" style=\"max-width:1600px\" id=\"row-1593053621\">\n\n\n\t<div id=\"col-1301419074\" class=\"col medium-4 small-7 large-2\"  >\n\t\t\t\t<div class=\"col-inner\"  >\n\t\t\t\n\t\t\t\n\n\t<div class=\"img has-hover show-for-medium x md-x lg-x y md-y lg-y\" id=\"image_2032326698\">\n\t\t\t\t\t\t\t\t<div class=\"img-inner dark\" >\n\t\t\t<img loading=\"lazy\" decoding=\"async\" width=\"300\" height=\"81\" src=\"https:\/\/hama.is\/wp-content\/uploads\/2024\/05\/FS_Hama_logo.png\" class=\"attachment-large size-large\" alt=\"\" \/>\t\t\t\t\t\t\n\t\t\t\t\t<\/div>\n\t\t\t\t\t\t\t\t\n<style>\n#image_2032326698 {\n  width: 100%;\n}\n<\/style>\n\t<\/div>\n\t\n\n\n\t\t<\/div>\n\t\t\t\t\n<style>\n#col-1301419074 > .col-inner {\n  padding: 0px 0px 20px 0px;\n}\n@media (min-width:550px) {\n  #col-1301419074 > .col-inner {\n    padding: 0px 30px 0px 0px;\n  }\n}\n<\/style>\n\t<\/div>\n\n\t\n\n\t<div id=\"col-67935037\" class=\"col hama-logo-footer-container medium-3 small-6 large-3\"  >\n\t\t\t\t<div class=\"col-inner text-center\"  >\n\t\t\t\n\t\t\t\n\n\t<div class=\"img has-hover hama-logo-footer x md-x lg-x y md-y lg-y\" id=\"image_1680943220\">\n\t\t\t\t\t\t\t\t<div class=\"img-inner dark\" >\n\t\t\t<img loading=\"lazy\" decoding=\"async\" width=\"327\" height=\"395\" src=\"https:\/\/hama.is\/wp-content\/uploads\/2024\/05\/logo-black2.jpg\" class=\"attachment-large size-large\" alt=\"\" srcset=\"https:\/\/hama.is\/wp-content\/uploads\/2024\/05\/logo-black2.jpg 327w, https:\/\/hama.is\/wp-content\/uploads\/2024\/05\/logo-black2-248x300.jpg 248w\" sizes=\"auto, (max-width: 327px) 100vw, 327px\" \/>\t\t\t\t\t\t\n\t\t\t\t\t<\/div>\n\t\t\t\t\t\t\t\t\n<style>\n#image_1680943220 {\n  width: 74%;\n}\n<\/style>\n\t<\/div>\n\t\n\n\n\t\t<\/div>\n\t\t\t\t\t<\/div>\n\n\t\n\n\t<div id=\"col-1671861380\" class=\"col medium-5 small-7 large-2\"  >\n\t\t\t\t<div class=\"col-inner text-left\"  >\n\t\t\t\n\t\t\t\n\n<p class=\"uppercase\"><span style=\"color: #808080;\"><strong><a style=\"color: #808080;\" href=\"https:\/\/hama.is\/en\/opnunartimar\/\">Opening Hours<\/a><\/strong><\/span><\/p>\n<p class=\"uppercase\"><span style=\"color: #808080;\"><strong><a style=\"color: #808080;\" href=\"\/en\/opnunartimar\/\">Locations<\/a><\/strong><\/span><\/p>\n<p class=\"uppercase\"><span style=\"color: #808080;\"><strong><a style=\"color: #808080;\" href=\"https:\/\/hama.is\/en\/hafa-samband\/\">Contact us<\/a><\/strong><\/span><\/p>\n\n\n\t\t<\/div>\n\t\t\t\t\t<\/div>\n\n\t\n\n<\/div>\n\n\t\t<\/div>\n\n\t\t\n<style>\n#section_1991906459 {\n  padding-top: 30px;\n  padding-bottom: 30px;\n  background-color: rgba(0, 0, 0, 0.14);\n}\n<\/style>\n\t<\/section>","protected":false},"excerpt":{"rendered":"","protected":false},"author":1,"featured_media":0,"parent":0,"menu_order":0,"comment_status":"closed","ping_status":"closed","template":"page-blank.php","meta":{"_acf_changed":false,"footnotes":""},"class_list":["post-1113","page","type-page","status-publish","hentry"],"acf":[],"_links":{"self":[{"href":"https:\/\/hama.is\/en\/wp-json\/wp\/v2\/pages\/1113","targetHints":{"allow":["GET"]}}],"collection":[{"href":"https:\/\/hama.is\/en\/wp-json\/wp\/v2\/pages"}],"about":[{"href":"https:\/\/hama.is\/en\/wp-json\/wp\/v2\/types\/page"}],"author":[{"embeddable":true,"href":"https:\/\/hama.is\/en\/wp-json\/wp\/v2\/users\/1"}],"replies":[{"embeddable":true,"href":"https:\/\/hama.is\/en\/wp-json\/wp\/v2\/comments?post=1113"}],"version-history":[{"count":4,"href":"https:\/\/hama.is\/en\/wp-json\/wp\/v2\/pages\/1113\/revisions"}],"predecessor-version":[{"id":1425,"href":"https:\/\/hama.is\/en\/wp-json\/wp\/v2\/pages\/1113\/revisions\/1425"}],"wp:attachment":[{"href":"https:\/\/hama.is\/en\/wp-json\/wp\/v2\/media?parent=1113"}],"curies":[{"name":"wp","href":"https:\/\/api.w.org\/{rel}","templated":true}]}}