{"id":2139,"date":"2025-05-15T14:52:08","date_gmt":"2025-05-15T14:52:08","guid":{"rendered":"https:\/\/hama.is\/?page_id=2139"},"modified":"2026-02-17T09:59:29","modified_gmt":"2026-02-17T09:59:29","slug":"screen-hadegissedill","status":"publish","type":"page","link":"https:\/\/hama.is\/en\/screen-hadegissedill\/","title":{"rendered":"Screen-H\u00e1degisse\u00f0ill"},"content":{"rendered":"<section class=\"section\" id=\"section_579632592\">\n\t\t<div class=\"section-bg fill\" >\n\t\t\t\t\t\t\t\t\t\n\t\t\t\n\n\t\t<\/div>\n\n\t\t\n\n\t\t<div class=\"section-content relative\">\n\t\t\t\n\n<div class=\"row row-full-width\"  id=\"row-1200669774\">\n\n\n\t<div id=\"col-2132935198\" class=\"col small-12 large-12\"  >\n\t\t\t\t<div class=\"col-inner text-left\"  >\n\t\t\t\n\t\t\t\n\n\t<div id=\"gap-1510304541\" class=\"gap-element clearfix\" style=\"display:block; height:auto;\">\n\t\t\n<style>\n#gap-1510304541 {\n  padding-top: 50px;\n}\n<\/style>\n\t<\/div>\n\t\n\n\t<div id=\"text-168002330\" class=\"text hidden\">\n\t\t\n\n<h3 id=\"matsedill\" class=\"lead\" style=\"text-align: center;\"><span style=\"font-size: 140%;\"><strong>Menu <\/strong><\/span><\/h3>\n<div class=\"matsedill_week_picker current-in-view\"><a class=\"matsedill_week_picker__current\" href=\"https:\/\/hama.is\/en\/hadegissedill\/?week=current#matsedill\">04.05 \u2013 08.05<\/a><a class=\"matsedill_week_picker__next\" href=\"https:\/\/hama.is\/en\/hadegissedill\/?week=next#matsedill\">11.05 \u2013 15.05<\/a><\/div>\n\t\t\n<style>\n#text-168002330 {\n  text-align: center;\n  color: #3a3a3a;\n}\n#text-168002330 > * {\n  color: #3a3a3a;\n}\n<\/style>\n\t<\/div>\n\t\n\n\t\t<div class=\"tabbed-content\">\n\t\t\t\n\t\t\t<ul class=\"nav nav-line-bottom nav-normal nav-size-xlarge nav-center\" role=\"tablist\"><li id=\"tab-heitur-matur\" class=\"tab active has-icon\" role=\"presentation\"><a href=\"#tab_heitur-matur\" role=\"tab\" aria-selected=\"true\" aria-controls=\"tab_heitur-matur\"><span>HOT FOOD<\/span><\/a><\/li>\n<li id=\"tab-|-s\u00dapur\" class=\"tab has-icon\" role=\"presentation\"><a href=\"#tab_|-s\u00dapur\" tabindex=\"-1\" role=\"tab\" aria-selected=\"false\" aria-controls=\"tab_|-s\u00dapur\"><span>| SOUP<\/span><\/a><\/li><\/ul><div class=\"tab-panels\"><div id=\"tab_heitur-matur\" class=\"panel active entry-content\" role=\"tabpanel\" aria-labelledby=\"tab-heitur-matur\">\n\n\t<div id=\"gap-1251184232\" class=\"gap-element clearfix\" style=\"display:block; height:auto;\">\n\t\t\n<style>\n#gap-1251184232 {\n  padding-top: 30px;\n}\n<\/style>\n\t<\/div>\n\t\n\n<div class=\"row row-collapse align-bottom hide-for-small\"  id=\"row-458472967\">\n\n\n\t<div id=\"col-2090451245\" class=\"col medium-2 small-12 large-2\"  >\n\t\t\t\t<div class=\"col-inner\"  >\n\t\t\t\n\t\t\t\n\n\t<div id=\"text-383827369\" class=\"text\">\n\t\t\n\n<p><strong>Day<\/strong><\/p>\n\t\t\n<style>\n#text-383827369 {\n  font-size: 2rem;\n  color: rgb(42, 189, 226);\n}\n#text-383827369 > * {\n  color: rgb(42, 189, 226);\n}\n<\/style>\n\t<\/div>\n\t\n\n\t\t<\/div>\n\t\t\t\t\t<\/div>\n\n\t\n\n\t<div id=\"col-1454411517\" class=\"col medium-5 small-12 large-5\"  >\n\t\t\t\t<div class=\"col-inner\"  >\n\t\t\t\n\t\t\t\n\n\t<div id=\"text-3781328878\" class=\"text\">\n\t\t\n\n<p><strong>Hot meal of the day<\/strong><\/p>\n\t\t\n<style>\n#text-3781328878 {\n  font-size: 2rem;\n  color: rgb(42, 189, 226);\n}\n#text-3781328878 > * {\n  color: rgb(42, 189, 226);\n}\n<\/style>\n\t<\/div>\n\t\n\n\t\t<\/div>\n\t\t\t\t\t<\/div>\n\n\t\n\n\t<div id=\"col-693460621\" class=\"col medium-5 small-12 large-5\"  >\n\t\t\t\t<div class=\"col-inner\"  >\n\t\t\t\n\t\t\t\n\n\t<div id=\"text-595068441\" class=\"text\">\n\t\t\n\n<p><strong>Vegan meal of the day<\/strong><\/p>\n\t\t\n<style>\n#text-595068441 {\n  font-size: 2rem;\n  color: rgb(42, 189, 226);\n}\n#text-595068441 > * {\n  color: rgb(42, 189, 226);\n}\n<\/style>\n\t<\/div>\n\t\n\n\t\t<\/div>\n\t\t\t\t\t<\/div>\n\n\t\n\n<\/div>\n<div class=\"is-divider divider clearfix\" style=\"max-width:100%;height:1px;\"><\/div>\n\n<div class=\"row row-collapse\"  id=\"row-1489211554\">\n\n\n\t<div id=\"col-443576913\" class=\"col medium-2 small-12 large-2\"  >\n\t\t\t\t<div class=\"col-inner\"  >\n\t\t\t\n\t\t\t\n\n\t<div id=\"text-3632892492\" class=\"text\">\n\t\t\n\n<p><strong>Monday<\/strong><br \/><strong>4. ma\u00ed<\/strong><\/p>\n\t\t\n<style>\n#text-3632892492 {\n  font-size: 1.2rem;\n  color: rgb(42, 189, 226);\n}\n#text-3632892492 > * {\n  color: rgb(42, 189, 226);\n}\n<\/style>\n\t<\/div>\n\t\n\n\t\t<\/div>\n\t\t\t\t\t<\/div>\n\n\t\n\n\t<div id=\"col-1189842688\" class=\"col medium-5 small-12 large-5\"  >\n\t\t\t\t<div class=\"col-inner text-left\"  >\n\t\t\t\n\t\t\t\n\n\t<div id=\"text-1181423548\" class=\"text show-for-small\">\n\t\t\n\n<p>Hot meal of the day<\/p>\n\t\t\t<\/div>\n\t\nVillisveppa fiskr\u00e9ttur me\u00f0 kart\u00f6flum og fersku salati  Ofn\u00e6misvaldar: Bygg, Soyja, mj\u00f3lk.\/\/ Fish with Wild Mushroom Sauce Served with potatoes and fresh salad. Allergens: Barley, soy, milk\n\t<div id=\"gap-971237841\" class=\"gap-element clearfix show-for-small\" style=\"display:block; height:auto;\">\n\t\t\n<style>\n#gap-971237841 {\n  padding-top: 30px;\n}\n<\/style>\n\t<\/div>\n\t\n\n\n\t\t<\/div>\n\t\t\t\t\t<\/div>\n\n\t\n\n\t<div id=\"col-1194785212\" class=\"col medium-5 small-12 large-5\"  >\n\t\t\t\t<div class=\"col-inner\"  >\n\t\t\t\n\t\t\t\n\n\t<div id=\"text-2905185172\" class=\"text show-for-small\">\n\t\t\n\n<p><span style=\"color: #00a859;\">Vegan meal of the day<\/span><\/p>\n\t\t\t<\/div>\n\t\nGr\u00e6nmetisbuff me\u00f0 kart\u00f6flum og fersku salati.\/\/ Vegetable Patties with Potatoes and Fresh Salad\n\n\t\t<\/div>\n\t\t\t\t\n<style>\n#col-1194785212 > .col-inner {\n  margin: 0px 0px 0px 10px;\n}\n<\/style>\n\t<\/div>\n\n\t\n\n<\/div>\n<div class=\"is-divider divider clearfix\" style=\"max-width:100%;height:1px;\"><\/div>\n\n<div class=\"row row-collapse\"  id=\"row-1801980447\">\n\n\n\t<div id=\"col-1970620289\" class=\"col medium-2 small-12 large-2\"  >\n\t\t\t\t<div class=\"col-inner\"  >\n\t\t\t\n\t\t\t\n\n\t<div id=\"text-3714390475\" class=\"text\">\n\t\t\n\n<p><strong>Tuesday<\/strong><br \/><strong>5. ma\u00ed<\/strong><\/p>\n\t\t\n<style>\n#text-3714390475 {\n  font-size: 1.2rem;\n  color: rgb(42, 189, 226);\n}\n#text-3714390475 > * {\n  color: rgb(42, 189, 226);\n}\n<\/style>\n\t<\/div>\n\t\n\n\t\t<\/div>\n\t\t\t\t\t<\/div>\n\n\t\n\n\t<div id=\"col-814561462\" class=\"col medium-5 small-12 large-5\"  >\n\t\t\t\t<div class=\"col-inner\"  >\n\t\t\t\n\t\t\t\n\n\t<div id=\"text-4239842469\" class=\"text show-for-small\">\n\t\t\n\n<p>Hot meal of the day<\/p>\n\t\t\t<\/div>\n\t\nOfnb\u00f6ku\u00f0 kj\u00faklingal\u00e6ri \u00ed karr\u00fdrj\u00f3ma me\u00f0 hr\u00edsgrj\u00f3num og naan brau\u00f0i.  Ofn\u00e6misvaldar: Karr\u00fd.\/\/ Oven-Baked Chicken Thighs in Creamy Curry Sauce Served with rice and naan bread. Allergens: Curry\n\t<div id=\"gap-779825040\" class=\"gap-element clearfix show-for-small\" style=\"display:block; height:auto;\">\n\t\t\n<style>\n#gap-779825040 {\n  padding-top: 30px;\n}\n<\/style>\n\t<\/div>\n\t\n\n\n\t\t<\/div>\n\t\t\t\t\t<\/div>\n\n\t\n\n\t<div id=\"col-419644729\" class=\"col medium-5 small-12 large-5\"  >\n\t\t\t\t<div class=\"col-inner\"  >\n\t\t\t\n\t\t\t\n\n\t<div id=\"text-539234791\" class=\"text show-for-small\">\n\t\t\n\n<p><span style=\"color: #00a859;\">Vegan meal of the day<\/span><\/p>\n\t\t\t<\/div>\n\t\nOfnteiktur vegan kj\u00faklingur \u00ed karr\u00fdrj\u00f3ma me\u00f0 hr\u00edsgrj\u00f3num og naan brau\u00f0i.  Ofn\u00e6misvaldar: Soyja.\/\/ Oven-Roasted Vegan Chicken in Creamy Curry Sauce Served with rice and naan bread. Allergens: Soy\n\n\t\t<\/div>\n\t\t\t\t\n<style>\n#col-419644729 > .col-inner {\n  margin: 0px 0px 0px 10px;\n}\n<\/style>\n\t<\/div>\n\n\t\n\n<\/div>\n<div class=\"is-divider divider clearfix\" style=\"max-width:100%;height:1px;\"><\/div>\n\n<div class=\"row row-collapse\"  id=\"row-2061550122\">\n\n\n\t<div id=\"col-800914021\" class=\"col medium-2 small-12 large-2\"  >\n\t\t\t\t<div class=\"col-inner\"  >\n\t\t\t\n\t\t\t\n\n\t<div id=\"text-269575248\" class=\"text\">\n\t\t\n\n<p><strong>Wednesday<\/strong><br \/><strong>6. ma\u00ed<\/strong><\/p>\n\t\t\n<style>\n#text-269575248 {\n  font-size: 1.2rem;\n  color: rgb(42, 189, 226);\n}\n#text-269575248 > * {\n  color: rgb(42, 189, 226);\n}\n<\/style>\n\t<\/div>\n\t\n\n\t\t<\/div>\n\t\t\t\t\t<\/div>\n\n\t\n\n\t<div id=\"col-2116626404\" class=\"col medium-5 small-12 large-5\"  >\n\t\t\t\t<div class=\"col-inner\"  >\n\t\t\t\n\t\t\t\n\n\t<div id=\"text-1176906250\" class=\"text show-for-small\">\n\t\t\n\n<p>Hot meal of the day<\/p>\n\t\t\t<\/div>\n\t\nPlokkfiskur me\u00f0 rj\u00fagbrau\u00f0i og smj\u00f6ri.  Ofn\u00e6misvaldar: Hveiti, gluten, mj\u00f3lk.\/\/ Icelandic Fish Stew (Plokkfiskur) Served with rye bread and butter. Allergens: Wheat, gluten, milk\n\t<div id=\"gap-1517052602\" class=\"gap-element clearfix show-for-small\" style=\"display:block; height:auto;\">\n\t\t\n<style>\n#gap-1517052602 {\n  padding-top: 30px;\n}\n<\/style>\n\t<\/div>\n\t\n\n\n\t\t<\/div>\n\t\t\t\t\t<\/div>\n\n\t\n\n\t<div id=\"col-854018097\" class=\"col medium-5 small-12 large-5\"  >\n\t\t\t\t<div class=\"col-inner\"  >\n\t\t\t\n\t\t\t\n\n\t<div id=\"text-393263907\" class=\"text show-for-small\">\n\t\t\n\n<p><span style=\"color: #00a859;\">Vegan meal of the day<\/span><\/p>\n\t\t\t<\/div>\n\t\nGr\u00e6nmeetis tortillur me\u00f0 spergilk\u00e1lssalati.  Ofn\u00e6misvaldar: Hveiti, Gl\u00faten, Baunir.\/\/ Vegetable Tortillas with Broccoli Salad Allergens: Wheat, gluten, beans\n\n\t\t<\/div>\n\t\t\t\t\n<style>\n#col-854018097 > .col-inner {\n  margin: 0px 0px 0px 10px;\n}\n<\/style>\n\t<\/div>\n\n\t\n\n<\/div>\n<div class=\"is-divider divider clearfix\" style=\"max-width:100%;height:1px;\"><\/div>\n\n<div class=\"row row-collapse\"  id=\"row-924234408\">\n\n\n\t<div id=\"col-80243680\" class=\"col medium-2 small-12 large-2\"  >\n\t\t\t\t<div class=\"col-inner\"  >\n\t\t\t\n\t\t\t\n\n\t<div id=\"text-1937084861\" class=\"text\">\n\t\t\n\n<p><strong>Thursday<\/strong><br \/><strong>7. ma\u00ed<\/strong><\/p>\n\t\t\n<style>\n#text-1937084861 {\n  font-size: 1.2rem;\n  color: rgb(42, 189, 226);\n}\n#text-1937084861 > * {\n  color: rgb(42, 189, 226);\n}\n<\/style>\n\t<\/div>\n\t\n\n\t\t<\/div>\n\t\t\t\t\t<\/div>\n\n\t\n\n\t<div id=\"col-491746793\" class=\"col medium-5 small-12 large-5\"  >\n\t\t\t\t<div class=\"col-inner\"  >\n\t\t\t\n\t\t\t\n\n\t<div id=\"text-3851571561\" class=\"text show-for-small\">\n\t\t\n\n<p>Hot meal of the day<\/p>\n\t\t\t<\/div>\n\t\nGr\u00edsasteik me\u00f0 k\u00f6ldu kart\u00f6flusalati, ferskri salatbl\u00f6ndu og sveppas\u00f3su.   Ofn\u00e6misvaldar: Sinnep.\/\/ Roast Pork with Cold Potato Salad, Fresh Mixed Salad, and Mushroom Sauce Allergens: Mustard\n\t<div id=\"gap-179502267\" class=\"gap-element clearfix show-for-small\" style=\"display:block; height:auto;\">\n\t\t\n<style>\n#gap-179502267 {\n  padding-top: 30px;\n}\n<\/style>\n\t<\/div>\n\t\n\n\n\t\t<\/div>\n\t\t\t\t\t<\/div>\n\n\t\n\n\t<div id=\"col-1180955397\" class=\"col medium-5 small-12 large-5\"  >\n\t\t\t\t<div class=\"col-inner\"  >\n\t\t\t\n\t\t\t\n\n\t<div id=\"text-855529945\" class=\"text show-for-small\">\n\t\t\n\n<p><span style=\"color: #00a859;\">Vegan meal of the day<\/span><\/p>\n\t\t\t<\/div>\n\t\nHnetusteik me\u00f0 k\u00f6ldu kart\u00f6flusalati, ferskri salatbl\u00f6ndu og sveppas\u00f3su.   Ofn\u00e6misvaldar: Gl\u00faten, Hnetur.\/\/ Nut Roast with Cold Potato Salad, Fresh Mixed Salad, and Mushroom Sauce Allergens: Gluten, nuts\n\n\t\t<\/div>\n\t\t\t\t\n<style>\n#col-1180955397 > .col-inner {\n  padding: 0px 0px 0px 10px;\n}\n<\/style>\n\t<\/div>\n\n\t\n\n<\/div>\n<div class=\"is-divider divider clearfix\" style=\"max-width:100%;height:1px;\"><\/div>\n\n<div class=\"row row-collapse\"  id=\"row-1254703408\">\n\n\n\t<div id=\"col-1624493616\" class=\"col medium-2 small-12 large-2\"  >\n\t\t\t\t<div class=\"col-inner\"  >\n\t\t\t\n\t\t\t\n\n\t<div id=\"text-163122126\" class=\"text\">\n\t\t\n\n<p><strong>Friday<\/strong><br \/><strong>8. ma\u00ed<\/strong><\/p>\n\t\t\n<style>\n#text-163122126 {\n  font-size: 1.2rem;\n  color: rgb(42, 189, 226);\n}\n#text-163122126 > * {\n  color: rgb(42, 189, 226);\n}\n<\/style>\n\t<\/div>\n\t\n\n\t\t<\/div>\n\t\t\t\t\t<\/div>\n\n\t\n\n\t<div id=\"col-1515339800\" class=\"col medium-5 small-12 large-5\"  >\n\t\t\t\t<div class=\"col-inner\"  >\n\t\t\t\n\t\t\t\n\n\t<div id=\"text-4072575521\" class=\"text show-for-small\">\n\t\t\n\n<p>Hot meal of the day<\/p>\n\t\t\t<\/div>\n\t\nSj\u00e1varrr\u00e9ttapasta me\u00f0 hv\u00edtlauksbrau\u00f0i.  Ofn\u00e6misvaldar: Hveiti, gluten, skelfiskur.\/\/ Seafood Pasta with Garlic Bread Allergens: Wheat, gluten, shellfish\n\t<div id=\"gap-1053344638\" class=\"gap-element clearfix show-for-small\" style=\"display:block; height:auto;\">\n\t\t\n<style>\n#gap-1053344638 {\n  padding-top: 30px;\n}\n<\/style>\n\t<\/div>\n\t\n\n\n\t\t<\/div>\n\t\t\t\t\t<\/div>\n\n\t\n\n\t<div id=\"col-997902505\" class=\"col medium-5 small-12 large-5\"  >\n\t\t\t\t<div class=\"col-inner\"  >\n\t\t\t\n\t\t\t\n\n\t<div id=\"text-435849824\" class=\"text show-for-small\">\n\t\t\n\n<p><span style=\"color: #00a859;\">Vegan meal of the day<\/span><\/p>\n\t\t\t<\/div>\n\t\nKj\u00faklingabaunapasta me\u00f0 hv\u00edtlauksbrau\u00f0i.   Ofn\u00e6misvaldar:  gl\u00faten, baunir.\/\/ Chickpea Pasta with Garlic Bread Allergens: Gluten\n\n\t\t<\/div>\n\t\t\t\t\n<style>\n#col-997902505 > .col-inner {\n  margin: 0px 0px 0px 10px;\n}\n<\/style>\n\t<\/div>\n\n\t\n\n<\/div>\n\n<\/div>\n<div id=\"tab_|-s\u00dapur\" class=\"panel entry-content\" role=\"tabpanel\" aria-labelledby=\"tab-|-s\u00dapur\">\n\n\t<div id=\"gap-635278143\" class=\"gap-element clearfix\" style=\"display:block; height:auto;\">\n\t\t\n<style>\n#gap-635278143 {\n  padding-top: 30px;\n}\n<\/style>\n\t<\/div>\n\t\n\n<div class=\"row row-collapse hide-for-small\"  id=\"row-293648862\">\n\n\n\t<div id=\"col-717820764\" class=\"col medium-2 small-12 large-2\"  >\n\t\t\t\t<div class=\"col-inner\"  >\n\t\t\t\n\t\t\t\n\n\t<div id=\"text-2232086514\" class=\"text\">\n\t\t\n\n<p><strong>Day<\/strong><\/p>\n\t\t\n<style>\n#text-2232086514 {\n  font-size: 1.2rem;\n  color: rgb(42, 189, 226);\n}\n#text-2232086514 > * {\n  color: rgb(42, 189, 226);\n}\n<\/style>\n\t<\/div>\n\t\n\n\t\t<\/div>\n\t\t\t\t\t<\/div>\n\n\t\n\n\t<div id=\"col-2102428485\" class=\"col medium-5 small-12 large-5\"  >\n\t\t\t\t<div class=\"col-inner\"  >\n\t\t\t\n\t\t\t\n\n\t<div id=\"text-3554323167\" class=\"text\">\n\t\t\n\n<p><strong>Top soup of the day<\/strong><\/p>\n\t\t\n<style>\n#text-3554323167 {\n  font-size: 1.2rem;\n  color: rgb(42, 189, 226);\n}\n#text-3554323167 > * {\n  color: rgb(42, 189, 226);\n}\n<\/style>\n\t<\/div>\n\t\n\n\t\t<\/div>\n\t\t\t\t\t<\/div>\n\n\t\n\n\t<div id=\"col-1356936869\" class=\"col medium-4 small-12 large-4\"  >\n\t\t\t\t<div class=\"col-inner\"  >\n\t\t\t\n\t\t\t\n\n\t<div id=\"text-788300426\" class=\"text\">\n\t\t\n\n<p><strong>Vegan soup of the day<\/strong><\/p>\n\t\t\n<style>\n#text-788300426 {\n  font-size: 1.2rem;\n  color: rgb(42, 189, 226);\n}\n#text-788300426 > * {\n  color: rgb(42, 189, 226);\n}\n<\/style>\n\t<\/div>\n\t\n\n\t\t<\/div>\n\t\t\t\t\t<\/div>\n\n\t\n\n\t<div id=\"col-45305284\" class=\"col medium-5 small-12 large-5\"  >\n\t\t\t\t<div class=\"col-inner\"  >\n\t\t\t\n\t\t\t\n\n\n\t\t<\/div>\n\t\t\t\t\t<\/div>\n\n\t\n\n<\/div>\n<div class=\"is-divider divider clearfix\" style=\"max-width:100%;height:1px;\"><\/div>\n\n<div class=\"row row-collapse\"  id=\"row-561662282\">\n\n\n\t<div id=\"col-248886720\" class=\"col medium-2 small-12 large-2\"  >\n\t\t\t\t<div class=\"col-inner\"  >\n\t\t\t\n\t\t\t\n\n\t<div id=\"text-2492047439\" class=\"text\">\n\t\t\n\n<p><strong>Monday<\/strong><br \/><strong>4. ma\u00ed<\/strong><\/p>\n\t\t\n<style>\n#text-2492047439 {\n  font-size: 1.2rem;\n  color: rgb(42, 189, 226);\n}\n#text-2492047439 > * {\n  color: rgb(42, 189, 226);\n}\n<\/style>\n\t<\/div>\n\t\n<div class=\"row\"  id=\"row-477662304\">\n\n\n<\/div>\n\n\t\t<\/div>\n\t\t\t\t\t<\/div>\n\n\t\n\n\t<div id=\"col-2144211047\" class=\"col medium-5 small-12 large-5\"  >\n\t\t\t\t<div class=\"col-inner\"  >\n\t\t\t\n\t\t\t\n\n\t<div id=\"text-3131599605\" class=\"text show-for-small\">\n\t\t\n\n<p>Top soup of the day<\/p>\n\t\t\t<\/div>\n\t\nMex\u00edk\u00f6msk kj\u00faklingas\u00fapa.\/\/ Mexican chicken soup.\n\t<div id=\"gap-157334052\" class=\"gap-element clearfix show-for-small\" style=\"display:block; height:auto;\">\n\t\t\n<style>\n#gap-157334052 {\n  padding-top: 30px;\n}\n<\/style>\n\t<\/div>\n\t\n\n\n\t\t<\/div>\n\t\t\t\t\t<\/div>\n\n\t\n\n\t<div id=\"col-486828722\" class=\"col medium-5 small-12 large-5\"  >\n\t\t\t\t<div class=\"col-inner\"  >\n\t\t\t\n\t\t\t\n\n\t<div id=\"text-2292383599\" class=\"text show-for-small\">\n\t\t\n\n<p><span style=\"color: #00a859;\">Vegan soup of the day<\/span><\/p>\n\t\t\t<\/div>\n\t\nLeek soup.\/\/ Leek soup.\n\n\t\t<\/div>\n\t\t\t\t\t<\/div>\n\n\t\n\n<\/div>\n<div class=\"is-divider divider clearfix\" style=\"max-width:100%;height:1px;\"><\/div>\n\n<div class=\"row row-collapse\"  id=\"row-724521074\">\n\n\n\t<div id=\"col-658312528\" class=\"col medium-2 small-12 large-2\"  >\n\t\t\t\t<div class=\"col-inner\"  >\n\t\t\t\n\t\t\t\n\n\t<div id=\"text-857232791\" class=\"text\">\n\t\t\n\n<p><strong>Tuesday<\/strong><br \/><strong>5. ma\u00ed<\/strong><\/p>\n\t\t\n<style>\n#text-857232791 {\n  font-size: 1.2rem;\n  color: rgb(42, 189, 226);\n}\n#text-857232791 > * {\n  color: rgb(42, 189, 226);\n}\n<\/style>\n\t<\/div>\n\t\n\n\t\t<\/div>\n\t\t\t\t\t<\/div>\n\n\t\n\n\t<div id=\"col-567891093\" class=\"col medium-5 small-12 large-5\"  >\n\t\t\t\t<div class=\"col-inner\"  >\n\t\t\t\n\t\t\t\n\n\t<div id=\"text-1089386316\" class=\"text show-for-small\">\n\t\t\n\n<p>Top soup of the day<\/p>\n\t\t\t<\/div>\n\t\nBell pepper soup with cream cheese.\n\t<div id=\"gap-507929367\" class=\"gap-element clearfix show-for-small\" style=\"display:block; height:auto;\">\n\t\t\n<style>\n#gap-507929367 {\n  padding-top: 30px;\n}\n<\/style>\n\t<\/div>\n\t\n\n\n\t\t<\/div>\n\t\t\t\t\t<\/div>\n\n\t\n\n\t<div id=\"col-290409893\" class=\"col medium-5 small-12 large-5\"  >\n\t\t\t\t<div class=\"col-inner\"  >\n\t\t\t\n\t\t\t\n\n\t<div id=\"text-2944178148\" class=\"text show-for-small\">\n\t\t\n\n<p><span style=\"color: #00a859;\">Vegan soup of the day<\/span><\/p>\n\t\t\t<\/div>\n\t\nSpinach soup.\/\/ Spinach soup.\n\n\t\t<\/div>\n\t\t\t\t\t<\/div>\n\n\t\n\n<\/div>\n<div class=\"is-divider divider clearfix\" style=\"max-width:100%;height:1px;\"><\/div>\n\n<div class=\"row row-collapse\"  id=\"row-1828292099\">\n\n\n\t<div id=\"col-1636795863\" class=\"col medium-2 small-12 large-2\"  >\n\t\t\t\t<div class=\"col-inner\"  >\n\t\t\t\n\t\t\t\n\n\t<div id=\"text-340401560\" class=\"text\">\n\t\t\n\n<p><strong>Wednesday<\/strong><br \/><strong>6. ma\u00ed<\/strong><\/p>\n\t\t\n<style>\n#text-340401560 {\n  font-size: 1.2rem;\n  color: rgb(42, 189, 226);\n}\n#text-340401560 > * {\n  color: rgb(42, 189, 226);\n}\n<\/style>\n\t<\/div>\n\t\n\n\t\t<\/div>\n\t\t\t\t\t<\/div>\n\n\t\n\n\t<div id=\"col-2076631631\" class=\"col medium-5 small-12 large-5\"  >\n\t\t\t\t<div class=\"col-inner\"  >\n\t\t\t\n\t\t\t\n\n\t<div id=\"text-1112146753\" class=\"text show-for-small\">\n\t\t\n\n<p>Top soup of the day<\/p>\n\t\t\t<\/div>\n\t\nPotato soup with bacon.\n\t<div id=\"gap-839848728\" class=\"gap-element clearfix show-for-small\" style=\"display:block; height:auto;\">\n\t\t\n<style>\n#gap-839848728 {\n  padding-top: 30px;\n}\n<\/style>\n\t<\/div>\n\t\n\n\n\t\t<\/div>\n\t\t\t\t\t<\/div>\n\n\t\n\n\t<div id=\"col-49376513\" class=\"col medium-5 small-12 large-5\"  >\n\t\t\t\t<div class=\"col-inner\"  >\n\t\t\t\n\t\t\t\n\n\t<div id=\"text-269286217\" class=\"text show-for-small\">\n\t\t\n\n<p><span style=\"color: #00a859;\">Vegan soup of the day<\/span><\/p>\n\t\t\t<\/div>\n\t\nCarrot soup with ginger.\/\/ Carrot soup with ginger.\n\n\t\t<\/div>\n\t\t\t\t\t<\/div>\n\n\t\n\n<\/div>\n<div class=\"is-divider divider clearfix\" style=\"max-width:100%;height:1px;\"><\/div>\n\n<div class=\"row row-collapse\"  id=\"row-589052824\">\n\n\n\t<div id=\"col-1711849474\" class=\"col medium-2 small-12 large-2\"  >\n\t\t\t\t<div class=\"col-inner\"  >\n\t\t\t\n\t\t\t\n\n\t<div id=\"text-3531996302\" class=\"text\">\n\t\t\n\n<p><strong>Thursday<\/strong><br \/><strong>7. ma\u00ed<\/strong><\/p>\n\t\t\n<style>\n#text-3531996302 {\n  font-size: 1.2rem;\n  color: rgb(42, 189, 226);\n}\n#text-3531996302 > * {\n  color: rgb(42, 189, 226);\n}\n<\/style>\n\t<\/div>\n\t\n\n\t\t<\/div>\n\t\t\t\t\t<\/div>\n\n\t\n\n\t<div id=\"col-865231318\" class=\"col medium-5 small-12 large-5\"  >\n\t\t\t\t<div class=\"col-inner\"  >\n\t\t\t\n\t\t\t\n\n\t<div id=\"text-3372525492\" class=\"text show-for-small\">\n\t\t\n\n<p>Top soup of the day<\/p>\n\t\t\t<\/div>\n\t\nSweet potato soup.\/\/ Sweet potato soup.\n\t<div id=\"gap-1727587920\" class=\"gap-element clearfix show-for-small\" style=\"display:block; height:auto;\">\n\t\t\n<style>\n#gap-1727587920 {\n  padding-top: 30px;\n}\n<\/style>\n\t<\/div>\n\t\n\n\n\t\t<\/div>\n\t\t\t\t\t<\/div>\n\n\t\n\n\t<div id=\"col-112123141\" class=\"col medium-5 small-12 large-5\"  >\n\t\t\t\t<div class=\"col-inner\"  >\n\t\t\t\n\t\t\t\n\n\t<div id=\"text-2880884253\" class=\"text show-for-small\">\n\t\t\n\n<p><span style=\"color: #00a859;\">Vegan soup of the day<\/span><\/p>\n\t\t\t<\/div>\n\t\nPumpkin soup.\/\/ Pumpkin soup.\n\n\t\t<\/div>\n\t\t\t\t\t<\/div>\n\n\t\n\n<\/div>\n<div class=\"is-divider divider clearfix\" style=\"max-width:100%;height:1px;\"><\/div>\n\n<div class=\"row row-collapse\"  id=\"row-1775709941\">\n\n\n\t<div id=\"col-699183183\" class=\"col medium-2 small-12 large-2\"  >\n\t\t\t\t<div class=\"col-inner\"  >\n\t\t\t\n\t\t\t\n\n\t<div id=\"text-3401125829\" class=\"text\">\n\t\t\n\n<p><strong>Friday<\/strong><br \/><strong>8. ma\u00ed<\/strong><\/p>\n\t\t\n<style>\n#text-3401125829 {\n  font-size: 1.2rem;\n  color: rgb(42, 189, 226);\n}\n#text-3401125829 > * {\n  color: rgb(42, 189, 226);\n}\n<\/style>\n\t<\/div>\n\t\n\n\t\t<\/div>\n\t\t\t\t\t<\/div>\n\n\t\n\n\t<div id=\"col-2131528266\" class=\"col medium-5 small-12 large-5\"  >\n\t\t\t\t<div class=\"col-inner\"  >\n\t\t\t\n\t\t\t\n\n\t<div id=\"text-2294148749\" class=\"text show-for-small\">\n\t\t\n\n<p>Top soup of the day<\/p>\n\t\t\t<\/div>\n\t\nBroccoli soup.\/\/ Broccoli soup.\n\t<div id=\"gap-2044151984\" class=\"gap-element clearfix show-for-small\" style=\"display:block; height:auto;\">\n\t\t\n<style>\n#gap-2044151984 {\n  padding-top: 30px;\n}\n<\/style>\n\t<\/div>\n\t\n\n\n\t\t<\/div>\n\t\t\t\t\t<\/div>\n\n\t\n\n\t<div id=\"col-1026085017\" class=\"col medium-5 small-12 large-5\"  >\n\t\t\t\t<div class=\"col-inner\"  >\n\t\t\t\n\t\t\t\n\n\t<div id=\"text-2479029381\" class=\"text show-for-small\">\n\t\t\n\n<p><span style=\"color: #00a859;\">Vegan soup of the day<\/span><\/p>\n\t\t\t<\/div>\n\t\nVegetable soup.\/\/ Vegetable soup.\n\n\t\t<\/div>\n\t\t\t\t\t<\/div>\n\n\t\n\n<\/div>\n\n<\/div><\/div><\/div>\n\t<div id=\"gap-1229872703\" class=\"gap-element clearfix\" style=\"display:block; height:auto;\">\n\t\t\n<style>\n#gap-1229872703 {\n  padding-top: 30px;\n}\n<\/style>\n\t<\/div>\n\t\n\n\n\t\t<\/div>\n\t\t\t\t\t<\/div>\n\n\t\n\n\n<style>\n#row-1200669774 > .col > .col-inner {\n  padding: 0px 15px 0px 15px;\n}\n<\/style>\n<\/div>\n<div class=\"row\"  id=\"row-123943296\">\n\n\n\t<div id=\"col-2071643949\" class=\"col small-12 large-12\"  >\n\t\t\t\t<div class=\"col-inner\"  >\n\t\t\t\n\t\t\t\n\n\t<div id=\"text-1933802174\" class=\"text\">\n\t\t\n\n<p>The stock used for cooking in H\u00e1ma is gluten-free and MSG-free. In vegetable meals and soups that do not contain meat, only vegetable stock is used. Soups are always gluten-free. The main allergens in hot meals and soups are noted in parentheses as appropriate.<\/p>\n\t\t\n<style>\n#text-1933802174 {\n  font-size: 1rem;\n  text-align: left;\n}\n<\/style>\n\t<\/div>\n\t\n\n\t\t<\/div>\n\t\t\t\t\t<\/div>\n\n\t\n\n<\/div>\n<div class=\"row\"  id=\"row-1630749762\">\n\n\n\n<\/div>\n\n\t\t<\/div>\n\n\t\t\n<style>\n#section_579632592 {\n  padding-top: 0px;\n  padding-bottom: 0px;\n}\n<\/style>\n\t<\/section>","protected":false},"excerpt":{"rendered":"","protected":false},"author":1,"featured_media":0,"parent":0,"menu_order":0,"comment_status":"closed","ping_status":"closed","template":"page-blank-landingpage.php","meta":{"_acf_changed":false,"footnotes":""},"class_list":["post-2139","page","type-page","status-publish","hentry"],"acf":[],"_links":{"self":[{"href":"https:\/\/hama.is\/en\/wp-json\/wp\/v2\/pages\/2139","targetHints":{"allow":["GET"]}}],"collection":[{"href":"https:\/\/hama.is\/en\/wp-json\/wp\/v2\/pages"}],"about":[{"href":"https:\/\/hama.is\/en\/wp-json\/wp\/v2\/types\/page"}],"author":[{"embeddable":true,"href":"https:\/\/hama.is\/en\/wp-json\/wp\/v2\/users\/1"}],"replies":[{"embeddable":true,"href":"https:\/\/hama.is\/en\/wp-json\/wp\/v2\/comments?post=2139"}],"version-history":[{"count":3,"href":"https:\/\/hama.is\/en\/wp-json\/wp\/v2\/pages\/2139\/revisions"}],"predecessor-version":[{"id":2142,"href":"https:\/\/hama.is\/en\/wp-json\/wp\/v2\/pages\/2139\/revisions\/2142"}],"wp:attachment":[{"href":"https:\/\/hama.is\/en\/wp-json\/wp\/v2\/media?parent=2139"}],"curies":[{"name":"wp","href":"https:\/\/api.w.org\/{rel}","templated":true}]}}