{"id":2320,"date":"2025-11-28T11:03:09","date_gmt":"2025-11-28T11:03:09","guid":{"rendered":"https:\/\/hama.is\/?page_id=2320"},"modified":"2026-03-31T15:52:41","modified_gmt":"2026-03-31T15:52:41","slug":"hama-saga","status":"publish","type":"page","link":"https:\/\/hama.is\/en\/hama-saga\/","title":{"rendered":"The Story of H\u0101ma"},"content":{"rendered":"<div class=\"row\"  id=\"row-1525938996\">\n\n\n\t<div id=\"col-1774046257\" class=\"col small-12 large-12\"  >\n\t\t\t\t<div class=\"col-inner text-center\"  >\n\t\t\t\n\t\t\t\n\n\t<div class=\"img has-hover hide-for-small x md-x lg-x y md-y lg-y\" id=\"image_328215991\">\n\t\t\t\t\t\t\t\t<div class=\"img-inner dark\" style=\"margin:0px 0px 0px 0px;\">\n\t\t\t<img loading=\"lazy\" decoding=\"async\" width=\"300\" height=\"81\" src=\"https:\/\/hama.is\/wp-content\/uploads\/2024\/05\/FS_Hama_logo.png\" class=\"attachment-large size-large\" alt=\"\" \/>\t\t\t\t\t\t\n\t\t\t\t\t<\/div>\n\t\t\t\t\t\t\t\t\n<style>\n#image_328215991 {\n  width: 21%;\n}\n<\/style>\n\t<\/div>\n\t\n\n\n\t\t<\/div>\n\t\t\t\t\n<style>\n#col-1774046257 > .col-inner {\n  padding: 0px 0px 0px 0px;\n  margin: 0px 0px 0px 0px;\n}\n<\/style>\n\t<\/div>\n\n\t\n\n\t<div id=\"col-2090594190\" class=\"col small-12 large-12\"  >\n\t\t\t\t<div class=\"col-inner text-center\"  >\n\t\t\t\n\t\t\t\n\n\t<div class=\"img has-hover x md-x lg-x y md-y lg-y\" id=\"image_1335866657\">\n\t\t\t\t\t\t\t\t<div class=\"img-inner dark\" style=\"margin:0px 0px 0px 0px;\">\n\t\t\t<img loading=\"lazy\" decoding=\"async\" width=\"1\" height=\"1\" src=\"https:\/\/hama.is\/wp-content\/uploads\/2025\/12\/Asset-1saga.svg\" class=\"attachment-large size-large\" alt=\"\" \/>\t\t\t\t\t\t\n\t\t\t\t\t<\/div>\n\t\t\t\t\t\t\t\t\n<style>\n#image_1335866657 {\n  width: 29%;\n}\n<\/style>\n\t<\/div>\n\t\n\n\t<div id=\"gap-248327826\" class=\"gap-element clearfix\" style=\"display:block; height:auto;\">\n\t\t\n<style>\n#gap-248327826 {\n  padding-top: 20px;\n}\n<\/style>\n\t<\/div>\n\t\n\n\n\t\t<\/div>\n\t\t\t\t\n<style>\n#col-2090594190 > .col-inner {\n  padding: 0px 0px 0px 0px;\n}\n<\/style>\n\t<\/div>\n\n\t\n\n\t<div id=\"col-978772228\" class=\"col small-12 large-12\"  >\n\t\t\t\t<div class=\"col-inner text-left\" style=\"background-color:rgba(255, 255, 255, 0.093);\" >\n\t\t\t\n\t<div class=\"is-border\"\n\t\tstyle=\"border-color:rgb(219, 98, 27);border-radius:15px;border-width:3px 3px 3px 3px;\">\n\t<\/div>\n\t\t\t\n\n\t<div id=\"text-461185320\" class=\"text\">\n\t\t\n\n<h1><strong>Grillr\u00e9ttir<\/strong><\/h1>\n\t\t\n<style>\n#text-461185320 {\n  font-size: 1rem;\n  text-align: left;\n  color: rgb(219, 98, 27);\n}\n#text-461185320 > * {\n  color: rgb(219, 98, 27);\n}\n<\/style>\n\t<\/div>\n\t\n\t<div id=\"text-1885310592\" class=\"text Field-sagamenu\">\n\t\t\n\n<h2><table class=\"acf-repeater-table\"><tbody><tr><td>1<\/td><td>Lambaspj\u00f3t me\u00f0 chimi churri &amp; fersku salati<\/td><td>2.150 kr.<\/td><\/tr><tr><td>2<\/td><td>Kj\u00faklingal\u00e6ri \u00ed black garlic marineringu me\u00f0 fersku salati<\/td><td>2.150 kr.<\/td><\/tr><\/tbody><\/table><\/h2>\n\t\t\n<style>\n#text-1885310592 {\n  font-size: 1rem;\n  text-align: left;\n  color: rgb(0,0,0);\n}\n#text-1885310592 > * {\n  color: rgb(0,0,0);\n}\n<\/style>\n\t<\/div>\n\t\n\n\t\t<\/div>\n\t\t\t\t\n<style>\n#col-978772228 > .col-inner {\n  padding: 20px 20px 20px 20px;\n  border-radius: 12px;\n}\n<\/style>\n\t<\/div>\n\n\t\n\n\t<div id=\"col-792445771\" class=\"col small-12 large-12\"  >\n\t\t\t\t<div class=\"col-inner text-left\" style=\"background-color:rgba(255, 255, 255, 0.093);\" >\n\t\t\t\n\t<div class=\"is-border\"\n\t\tstyle=\"border-color:rgb(219, 98, 27);border-radius:15px;border-width:3px 3px 3px 3px;\">\n\t<\/div>\n\t\t\t\n\n\t<div id=\"text-2822228732\" class=\"text\">\n\t\t\n\n<h1><strong>Samlokur<\/strong><\/h1>\n\t\t\n<style>\n#text-2822228732 {\n  font-size: 1rem;\n  text-align: left;\n  color: rgb(219, 98, 27);\n}\n#text-2822228732 > * {\n  color: rgb(219, 98, 27);\n}\n<\/style>\n\t<\/div>\n\t\n\t<div id=\"text-2395833406\" class=\"text Field-sagamenu\">\n\t\t\n\n<h2 style=\"text-align: left;\"><table class=\"acf-repeater-table\"><tbody><tr><td>3<\/td><td>Gr\u00edsaloka \u00e1 smj\u00f6rsteiktu brau\u00f0i me\u00f0 BBQ &amp; hv\u00edtlaukss\u00f3su<\/td><td>2.150 kr.<\/td><\/tr><tr><td>4<\/td><td>Steikarloka me\u00f0 bernaise &amp; pikklu\u00f0um lauk<\/td><td>2.150 kr. <\/td><\/tr><tr><td>5<\/td><td>Vegan &quot;kj\u00faklinga&quot; loka \u00ed black garlic marineringu me\u00f0 hv\u00edtlauksaioli<\/td><td>2.150 kr.<\/td><\/tr><tr><td>6<\/td><td>T\u00edgrisr\u00e6kju tortilla me\u00f0 mango &amp; chili<\/td><td>2.150 kr.<\/td><\/tr><tr><td>7<\/td><td>Skinku- og ostasamloka \u00e1 smj\u00f6rsteiktu brau\u00f0i me\u00f0 hunangssinnepss\u00f3su<\/td><td>1.650 kr.<\/td><\/tr><\/tbody><\/table><\/h2>\n\t\t\n<style>\n#text-2395833406 {\n  font-size: 1rem;\n  text-align: left;\n  color: rgb(0,0,0);\n}\n#text-2395833406 > * {\n  color: rgb(0,0,0);\n}\n<\/style>\n\t<\/div>\n\t\n\n\t\t<\/div>\n\t\t\t\t\n<style>\n#col-792445771 > .col-inner {\n  padding: 20px 20px 20px 20px;\n  border-radius: 12px;\n}\n<\/style>\n\t<\/div>\n\n\t\n\n\t<div id=\"col-489919257\" class=\"col small-12 large-12\"  >\n\t\t\t\t<div class=\"col-inner text-left\" style=\"background-color:rgba(255, 255, 255, 0.093);\" >\n\t\t\t\n\t<div class=\"is-border\"\n\t\tstyle=\"border-color:rgb(219, 98, 27);border-radius:15px;border-width:3px 3px 3px 3px;\">\n\t<\/div>\n\t\t\t\n\n\t<div id=\"text-1115173097\" class=\"text\">\n\t\t\n\n<h1><strong>Kart\u00f6flur<\/strong><\/h1>\n\t\t\n<style>\n#text-1115173097 {\n  font-size: 1rem;\n  text-align: left;\n  color: rgb(219, 98, 27);\n}\n#text-1115173097 > * {\n  color: rgb(219, 98, 27);\n}\n<\/style>\n\t<\/div>\n\t\n\t<div id=\"text-2072936166\" class=\"text Field-sagamenu\">\n\t\t\n\n<h2><table class=\"acf-repeater-table\"><tbody><tr><td>8<\/td><td>Smassa\u00f0ar kart\u00f6flur me\u00f0 chili con carne<\/td><td>1.850 kr.<\/td><\/tr><tr><td>9<\/td><td>Smassa\u00f0ar kart\u00f6flur me\u00f0 kj\u00faklingi<\/td><td>1.850 kr.<\/td><\/tr><tr><td>10<\/td><td>Smassa\u00f0ar kart\u00f6flur me\u00f0 gr\u00e6nmetisbollum<\/td><td>1.850 kr.<\/td><\/tr><tr><td>11<\/td><td>Dj\u00fapsteikt sm\u00e6lki \u00ed r\u00f3smar\u00edn &amp; s\u00edtrus ol\u00edu<\/td><td>750 kr.<\/td><\/tr><\/tbody><\/table><\/h2>\n\t\t\n<style>\n#text-2072936166 {\n  font-size: 1rem;\n  text-align: left;\n  color: rgb(0,0,0);\n}\n#text-2072936166 > * {\n  color: rgb(0,0,0);\n}\n<\/style>\n\t<\/div>\n\t\n\n\t\t<\/div>\n\t\t\t\t\n<style>\n#col-489919257 > .col-inner {\n  padding: 20px 20px 20px 20px;\n  border-radius: 12px;\n}\n<\/style>\n\t<\/div>\n\n\t\n\n<\/div>\n\t<div id=\"gap-84044592\" class=\"gap-element clearfix\" style=\"display:block; height:auto;\">\n\t\t\n<style>\n#gap-84044592 {\n  padding-top: 30px;\n}\n<\/style>\n\t<\/div>\n\t\n\n\n\t<section class=\"section\" id=\"section_1882202350\">\n\t\t<div class=\"section-bg fill\" >\n\t\t\t\t\t\t\t\t\t\n\t\t\t\n\n\t\t<\/div>\n\n\t\t\n\n\t\t<div class=\"section-content relative\">\n\t\t\t\n\n<div class=\"row\"  id=\"row-1235478786\">\n\n\n\t<div id=\"col-1179844781\" class=\"col small-12 large-12\"  >\n\t\t\t\t<div class=\"col-inner text-center\"  >\n\t\t\t\n\t\t\t\n\n\t<div id=\"text-3894505304\" class=\"text\">\n\t\t\n\n<h2 class=\"uppercase\">Saga &#8211; Hagatorgi<br \/>H\u00e1ma \u00e1 S\u00f6gu er opin fr\u00e1 kl. 08:00 til 15:00. <br \/>Hot meals are available from 11:30 to 14:00.<\/h2>\n\n\t\t\n<style>\n#text-3894505304 {\n  text-align: center;\n  color: #3a3a3a;\n}\n#text-3894505304 > * {\n  color: #3a3a3a;\n}\n<\/style>\n\t<\/div>\n\t\n\n\t\t<\/div>\n\t\t\t\t\t<\/div>\n\n\t\n\n<\/div>\n\t<div id=\"gap-408784348\" class=\"gap-element clearfix\" style=\"display:block; height:auto;\">\n\t\t\n<style>\n#gap-408784348 {\n  padding-top: 30px;\n}\n<\/style>\n\t<\/div>\n\t\n\n\n\t\t<\/div>\n\n\t\t\n<style>\n#section_1882202350 {\n  padding-top: 0px;\n  padding-bottom: 0px;\n  background-color: rgb(255, 255, 255);\n}\n<\/style>\n\t<\/section>\n\t\n\n\t<section class=\"section\" id=\"section_1831553435\">\n\t\t<div class=\"section-bg fill\" >\n\t\t\t\t\t\t\t\t\t\n\t\t\t\n\n\t\t<\/div>\n\n\t\t\n\n\t\t<div class=\"section-content relative\">\n\t\t\t\n\n\n\n\t<div id=\"gap-1357424629\" class=\"gap-element clearfix footer-gap hide-for-small\" style=\"display:block; height:auto;\">\n\t\t\n<style>\n#gap-1357424629 {\n  padding-top: 80px;\n}\n<\/style>\n\t<\/div>\n\t\n\n\n\t<section class=\"section\" id=\"section_1309592987\">\n\t\t<div class=\"section-bg fill\" >\n\t\t\t\t\t\t\t\t\t\n\t\t\t\n\t<div class=\"is-border\"\n\t\tstyle=\"border-width:0px 0px 0px 0px;\">\n\t<\/div>\n\n\t\t<\/div>\n\n\t\t\n\n\t\t<div class=\"section-content relative\">\n\t\t\t\n\n<div class=\"row align-center\" style=\"max-width:1600px\" id=\"row-1959941659\">\n\n\n\t<div id=\"col-639465957\" class=\"col medium-4 small-7 large-2\"  >\n\t\t\t\t<div class=\"col-inner\"  >\n\t\t\t\n\t\t\t\n\n\t<div class=\"img has-hover show-for-medium x md-x lg-x y md-y lg-y\" id=\"image_1311186571\">\n\t\t\t\t\t\t\t\t<div class=\"img-inner dark\" >\n\t\t\t<img loading=\"lazy\" decoding=\"async\" width=\"1020\" height=\"276\" src=\"https:\/\/hama.is\/wp-content\/uploads\/2024\/05\/FS_Hama_hvitt-1024x277.png\" class=\"attachment-large size-large\" alt=\"\" srcset=\"https:\/\/hama.is\/wp-content\/uploads\/2024\/05\/FS_Hama_hvitt-1024x277.png 1024w, https:\/\/hama.is\/wp-content\/uploads\/2024\/05\/FS_Hama_hvitt-300x81.png 300w, https:\/\/hama.is\/wp-content\/uploads\/2024\/05\/FS_Hama_hvitt-768x208.png 768w, https:\/\/hama.is\/wp-content\/uploads\/2024\/05\/FS_Hama_hvitt-1536x415.png 1536w, https:\/\/hama.is\/wp-content\/uploads\/2024\/05\/FS_Hama_hvitt-2048x554.png 2048w\" sizes=\"auto, (max-width: 1020px) 100vw, 1020px\" \/>\t\t\t\t\t\t\n\t\t\t\t\t<\/div>\n\t\t\t\t\t\t\t\t\n<style>\n#image_1311186571 {\n  width: 100%;\n}\n<\/style>\n\t<\/div>\n\t\n\n\n\t\t<\/div>\n\t\t\t\t\t<\/div>\n\n\t\n\n\t<div id=\"col-422468498\" class=\"col hama-logo-footer-container medium-3 small-6 large-3\"  >\n\t\t\t\t<div class=\"col-inner text-center\"  >\n\t\t\t\n\t\t\t\n\n\t<div class=\"img has-hover hama-logo-footer x md-x lg-x y md-y lg-y\" id=\"image_87940215\">\n\t\t\t\t\t\t\t\t<div class=\"img-inner dark\" >\n\t\t\t<img loading=\"lazy\" decoding=\"async\" width=\"327\" height=\"395\" src=\"https:\/\/hama.is\/wp-content\/uploads\/2024\/05\/logo-orange2.png\" class=\"attachment-large size-large\" alt=\"\" srcset=\"https:\/\/hama.is\/wp-content\/uploads\/2024\/05\/logo-orange2.png 327w, https:\/\/hama.is\/wp-content\/uploads\/2024\/05\/logo-orange2-248x300.png 248w\" sizes=\"auto, (max-width: 327px) 100vw, 327px\" \/>\t\t\t\t\t\t\n\t\t\t\t\t<\/div>\n\t\t\t\t\t\t\t\t\n<style>\n#image_87940215 {\n  width: 74%;\n}\n<\/style>\n\t<\/div>\n\t\n\n\n\t\t<\/div>\n\t\t\t\t\t<\/div>\n\n\t\n\n\t<div id=\"col-594309019\" class=\"col medium-5 small-7 large-2\"  >\n\t\t\t\t<div class=\"col-inner\"  >\n\t\t\t\n\t\t\t\n\n\t<div id=\"text-1474896495\" class=\"text\">\n\t\t\n\n<p class=\"uppercase\"><strong><a style=\"color: #ffffff;\" href=\"https:\/\/hama.is\/en\/opnunartimar\/\">Opening Hours<\/a><\/strong><\/p>\n<p class=\"uppercase\"><strong><a style=\"color: white;\" href=\"\/en\/opnunartimar\/\">Locations<\/a><\/p>\n<p><\/strong><\/p>\n<p class=\"uppercase\"><strong><span style=\"color: #ffffff;\"><a style=\"color: #ffffff;\" href=\"https:\/\/hama.is\/en\/hafa-samband\/\">Contact us<\/a><\/span><\/strong><\/p>\n\n\t\t\n<style>\n#text-1474896495 {\n  color: rgb(255,255,255);\n}\n#text-1474896495 > * {\n  color: rgb(255,255,255);\n}\n<\/style>\n\t<\/div>\n\t\n\n\t\t<\/div>\n\t\t\t\t\t<\/div>\n\n\t\n\n<\/div>\n\n\t\t<\/div>\n\n\t\t\n<style>\n#section_1309592987 {\n  padding-top: 30px;\n  padding-bottom: 30px;\n  background-color: rgb(67, 67, 67);\n}\n<\/style>\n\t<\/section>\n\t\n\n\n\t\t<\/div>\n\n\t\t\n<style>\n#section_1831553435 {\n  padding-top: 0px;\n  padding-bottom: 0px;\n}\n<\/style>\n\t<\/section>","protected":false},"excerpt":{"rendered":"","protected":false},"author":1,"featured_media":0,"parent":0,"menu_order":0,"comment_status":"closed","ping_status":"closed","template":"page-blank.php","meta":{"_acf_changed":false,"footnotes":""},"class_list":["post-2320","page","type-page","status-publish","hentry"],"acf":[],"_links":{"self":[{"href":"https:\/\/hama.is\/en\/wp-json\/wp\/v2\/pages\/2320","targetHints":{"allow":["GET"]}}],"collection":[{"href":"https:\/\/hama.is\/en\/wp-json\/wp\/v2\/pages"}],"about":[{"href":"https:\/\/hama.is\/en\/wp-json\/wp\/v2\/types\/page"}],"author":[{"embeddable":true,"href":"https:\/\/hama.is\/en\/wp-json\/wp\/v2\/users\/1"}],"replies":[{"embeddable":true,"href":"https:\/\/hama.is\/en\/wp-json\/wp\/v2\/comments?post=2320"}],"version-history":[{"count":10,"href":"https:\/\/hama.is\/en\/wp-json\/wp\/v2\/pages\/2320\/revisions"}],"predecessor-version":[{"id":2631,"href":"https:\/\/hama.is\/en\/wp-json\/wp\/v2\/pages\/2320\/revisions\/2631"}],"wp:attachment":[{"href":"https:\/\/hama.is\/en\/wp-json\/wp\/v2\/media?parent=2320"}],"curies":[{"name":"wp","href":"https:\/\/api.w.org\/{rel}","templated":true}]}}