{"id":2391,"date":"2026-02-17T10:00:10","date_gmt":"2026-02-17T10:00:10","guid":{"rendered":"https:\/\/hama.is\/?page_id=2391"},"modified":"2026-03-31T11:16:56","modified_gmt":"2026-03-31T11:16:56","slug":"screen-sogu","status":"publish","type":"page","link":"https:\/\/hama.is\/en\/screen-sogu\/","title":{"rendered":"Screen-S\u00f6gu"},"content":{"rendered":"<section class=\"section\" id=\"section_640488414\">\n\t\t<div class=\"section-bg fill\" >\n\t\t\t\t\t\t\t\t\t\n\t\t\t\n\n\t\t<\/div>\n\n\t\t\n\n\t\t<div class=\"section-content relative\">\n\t\t\t\n\n<div class=\"row\"  id=\"row-261022877\">\n\n\n<\/div>\n\n\t\t<\/div>\n\n\t\t\n<style>\n#section_640488414 {\n  padding-top: 30px;\n  padding-bottom: 30px;\n  background-color: #f2f1ef;\n}\n<\/style>\n\t<\/section>\n\t\n\n\t<section class=\"section\" id=\"section_1186226766\">\n\t\t<div class=\"section-bg fill\" >\n\t\t\t\t\t\t\t\t\t\n\t\t\t\n\n\t\t<\/div>\n\n\t\t\n\n\t\t<div class=\"section-content relative\">\n\t\t\t\n\n<div class=\"row\"  id=\"row-628208615\">\n\n\n\t<div id=\"col-988215059\" class=\"col small-12 large-12\"  >\n\t\t\t\t<div class=\"col-inner text-center\"  >\n\t\t\t\n\t\t\t\n\n\t<div class=\"img has-hover x md-x lg-x y md-y lg-y\" id=\"image_485291145\">\n\t\t\t\t\t\t\t\t<div class=\"img-inner dark\" style=\"margin:0px 0px 0px 0px;\">\n\t\t\t<img loading=\"lazy\" decoding=\"async\" width=\"300\" height=\"81\" src=\"https:\/\/hama.is\/wp-content\/uploads\/2024\/05\/FS_Hama_logo.png\" class=\"attachment-large size-large\" alt=\"\" \/>\t\t\t\t\t\t\n\t\t\t\t\t<\/div>\n\t\t\t\t\t\t\t\t\n<style>\n#image_485291145 {\n  width: 29%;\n}\n<\/style>\n\t<\/div>\n\t\n\n\n\t\t<\/div>\n\t\t\t\t\n<style>\n#col-988215059 > .col-inner {\n  padding: 0px 0px 0px 0px;\n  margin: 0px 0px 0px 0px;\n}\n<\/style>\n\t<\/div>\n\n\t\n\n\t<div id=\"col-649095886\" class=\"col small-12 large-12\"  >\n\t\t\t\t<div class=\"col-inner text-center\"  >\n\t\t\t\n\t\t\t\n\n\t<div class=\"img has-hover x md-x lg-x y md-y lg-y\" id=\"image_510230038\">\n\t\t\t\t\t\t\t\t<div class=\"img-inner dark\" style=\"margin:0px 0px 0px 0px;\">\n\t\t\t<img loading=\"lazy\" decoding=\"async\" width=\"1\" height=\"1\" src=\"https:\/\/hama.is\/wp-content\/uploads\/2025\/12\/Asset-1saga.svg\" class=\"attachment-large size-large\" alt=\"\" \/>\t\t\t\t\t\t\n\t\t\t\t\t<\/div>\n\t\t\t\t\t\t\t\t\n<style>\n#image_510230038 {\n  width: 43%;\n}\n<\/style>\n\t<\/div>\n\t\n\n\t<div id=\"gap-1282874012\" class=\"gap-element clearfix\" style=\"display:block; height:auto;\">\n\t\t\n<style>\n#gap-1282874012 {\n  padding-top: 70px;\n}\n<\/style>\n\t<\/div>\n\t\n\n\n\t\t<\/div>\n\t\t\t\t\t<\/div>\n\n\t\n\n\t<div id=\"col-1615564983\" class=\"col small-12 large-12\"  >\n\t\t\t\t<div class=\"col-inner text-left\" style=\"background-color:rgba(255, 255, 255, 0.093);\" >\n\t\t\t\n\t<div class=\"is-border\"\n\t\tstyle=\"border-color:rgb(219, 98, 27);border-radius:15px;border-width:3px 3px 3px 3px;\">\n\t<\/div>\n\t\t\t\n\n\t<div id=\"text-2981056278\" class=\"text\">\n\t\t\n\n<h1><strong>Grillr\u00e9ttir<\/strong><\/h1>\n\t\t\n<style>\n#text-2981056278 {\n  font-size: 1rem;\n  text-align: left;\n  color: rgb(219, 98, 27);\n}\n#text-2981056278 > * {\n  color: rgb(219, 98, 27);\n}\n<\/style>\n\t<\/div>\n\t\n\t<div id=\"text-2928377348\" class=\"text Field-sagamenu\">\n\t\t\n\n<h2><table class=\"acf-repeater-table\"><tbody><tr><td>1<\/td><td>Lambaspj\u00f3t me\u00f0 chimi churri &amp; fersku salati<\/td><td>2.150 kr.<\/td><\/tr><tr><td>2<\/td><td>Kj\u00faklingal\u00e6ri \u00ed black garlic marineringu me\u00f0 fersku salati<\/td><td>2.150 kr.<\/td><\/tr><\/tbody><\/table><\/h2>\n\t\t\n<style>\n#text-2928377348 {\n  font-size: 1.3rem;\n  text-align: left;\n  color: rgb(0,0,0);\n}\n#text-2928377348 > * {\n  color: rgb(0,0,0);\n}\n<\/style>\n\t<\/div>\n\t\n\n\t\t<\/div>\n\t\t\t\t\n<style>\n#col-1615564983 > .col-inner {\n  padding: 20px 20px 20px 20px;\n  border-radius: 12px;\n}\n<\/style>\n\t<\/div>\n\n\t\n\n\t<div id=\"col-1711172252\" class=\"col small-12 large-12\"  >\n\t\t\t\t<div class=\"col-inner text-left\" style=\"background-color:rgba(255, 255, 255, 0.093);\" >\n\t\t\t\n\t<div class=\"is-border\"\n\t\tstyle=\"border-color:rgb(219, 98, 27);border-radius:15px;border-width:3px 3px 3px 3px;\">\n\t<\/div>\n\t\t\t\n\n\t<div id=\"text-666220085\" class=\"text\">\n\t\t\n\n<h1><strong>Samlokur<\/strong><\/h1>\n\t\t\n<style>\n#text-666220085 {\n  font-size: 1rem;\n  text-align: left;\n  color: rgb(219, 98, 27);\n}\n#text-666220085 > * {\n  color: rgb(219, 98, 27);\n}\n<\/style>\n\t<\/div>\n\t\n\t<div id=\"text-3019299439\" class=\"text Field-sagamenu\">\n\t\t\n\n<h2 style=\"text-align: left;\"><table class=\"acf-repeater-table\"><tbody><tr><td>3<\/td><td>Gr\u00edsaloka \u00e1 smj\u00f6rsteiktu brau\u00f0i me\u00f0 BBQ &amp; hv\u00edtlaukss\u00f3su<\/td><td>2.150 kr.<\/td><\/tr><tr><td>4<\/td><td>Steikarloka me\u00f0 bernaise &amp; pikklu\u00f0um lauk<\/td><td>2.150 kr. <\/td><\/tr><tr><td>5<\/td><td>Vegan &quot;kj\u00faklinga&quot; loka \u00ed black garlic marineringu me\u00f0 hv\u00edtlauksaioli<\/td><td>2.150 kr.<\/td><\/tr><tr><td>6<\/td><td>T\u00edgrisr\u00e6kju tortilla me\u00f0 mango &amp; chili<\/td><td>2.150 kr.<\/td><\/tr><tr><td>7<\/td><td>Skinku- og ostasamloka \u00e1 smj\u00f6rsteiktu brau\u00f0i me\u00f0 hunangssinnepss\u00f3su<\/td><td>1.650 kr.<\/td><\/tr><\/tbody><\/table><\/h2>\n\t\t\n<style>\n#text-3019299439 {\n  font-size: 1.3rem;\n  text-align: left;\n  color: rgb(0,0,0);\n}\n#text-3019299439 > * {\n  color: rgb(0,0,0);\n}\n<\/style>\n\t<\/div>\n\t\n\n\t\t<\/div>\n\t\t\t\t\n<style>\n#col-1711172252 > .col-inner {\n  padding: 20px 20px 20px 20px;\n  border-radius: 12px;\n}\n<\/style>\n\t<\/div>\n\n\t\n\n\t<div id=\"col-1704326771\" class=\"col small-12 large-12\"  >\n\t\t\t\t<div class=\"col-inner text-left\" style=\"background-color:rgba(255, 255, 255, 0.093);\" >\n\t\t\t\n\t<div class=\"is-border\"\n\t\tstyle=\"border-color:rgb(219, 98, 27);border-radius:15px;border-width:3px 3px 3px 3px;\">\n\t<\/div>\n\t\t\t\n\n\t<div id=\"text-4029250564\" class=\"text\">\n\t\t\n\n<h1><strong>Kart\u00f6flur<\/strong><\/h1>\n\t\t\n<style>\n#text-4029250564 {\n  font-size: 1rem;\n  text-align: left;\n  color: rgb(219, 98, 27);\n}\n#text-4029250564 > * {\n  color: rgb(219, 98, 27);\n}\n<\/style>\n\t<\/div>\n\t\n\t<div id=\"text-726872606\" class=\"text Field-sagamenu\">\n\t\t\n\n<h2><table class=\"acf-repeater-table\"><tbody><tr><td>8<\/td><td>Smassa\u00f0ar kart\u00f6flur me\u00f0 chili con carne<\/td><td>1.850 kr.<\/td><\/tr><tr><td>9<\/td><td>Smassa\u00f0ar kart\u00f6flur me\u00f0 kj\u00faklingi<\/td><td>1.850 kr.<\/td><\/tr><tr><td>10<\/td><td>Smassa\u00f0ar kart\u00f6flur me\u00f0 gr\u00e6nmetisbollum<\/td><td>1.850 kr.<\/td><\/tr><tr><td>11<\/td><td>Dj\u00fapsteikt sm\u00e6lki \u00ed r\u00f3smar\u00edn &amp; s\u00edtrus ol\u00edu<\/td><td>750 kr.<\/td><\/tr><\/tbody><\/table><\/h2>\n\t\t\n<style>\n#text-726872606 {\n  font-size: 1.3rem;\n  text-align: left;\n  color: rgb(0,0,0);\n}\n#text-726872606 > * {\n  color: rgb(0,0,0);\n}\n<\/style>\n\t<\/div>\n\t\n\n\t\t<\/div>\n\t\t\t\t\n<style>\n#col-1704326771 > .col-inner {\n  padding: 20px 20px 20px 20px;\n  border-radius: 12px;\n}\n<\/style>\n\t<\/div>\n\n\t\n\n<\/div>\n\n\t\t<\/div>\n\n\t\t\n<style>\n#section_1186226766 {\n  padding-top: 10px;\n  padding-bottom: 10px;\n  background-color: rgb(242, 241, 239);\n}\n<\/style>\n\t<\/section>\n\t\n\n\t<section class=\"section\" id=\"section_1144638243\">\n\t\t<div class=\"section-bg fill\" >\n\t\t\t\t\t\t\t\t\t\n\t\t\t\n\n\t\t<\/div>\n\n\t\t\n\n\t\t<div class=\"section-content relative\">\n\t\t\t\n\n<div class=\"row\"  id=\"row-791854120\">\n\n\n\t<div id=\"col-1980983706\" class=\"col medium-4 small-12 large-4\"  >\n\t\t\t\t<div class=\"col-inner text-center\"  >\n\t\t\t\n\t\t\t\n\n\n\t\t<\/div>\n\t\t\t\t\t<\/div>\n\n\t\n\n\t<div id=\"col-613434048\" class=\"col medium-4 small-12 large-4\"  >\n\t\t\t\t<div class=\"col-inner\"  >\n\t\t\t\n\t\t\t\n\n\n\t\t<\/div>\n\t\t\t\t\t<\/div>\n\n\t\n\n\t<div id=\"col-497389655\" class=\"col medium-4 small-12 large-4\"  >\n\t\t\t\t<div class=\"col-inner\"  >\n\t\t\t\n\t\t\t\n\n\n\t\t<\/div>\n\t\t\t\t\t<\/div>\n\n\t\n\n<\/div>\n<div class=\"row\"  id=\"row-1988066069\">\n\n\n\t<div id=\"col-1191558635\" class=\"col small-12 large-12\"  >\n\t\t\t\t<div class=\"col-inner\"  >\n\t\t\t\n\t\t\t\n\n\t<div id=\"gap-1579829688\" class=\"gap-element clearfix\" style=\"display:block; height:auto;\">\n\t\t\n<style>\n#gap-1579829688 {\n  padding-top: 115px;\n}\n<\/style>\n\t<\/div>\n\t\n\n\n\t\t<\/div>\n\t\t\t\t\t<\/div>\n\n\t\n\n<\/div>\n\n\t\t<\/div>\n\n\t\t\n<style>\n#section_1144638243 {\n  padding-top: 10px;\n  padding-bottom: 10px;\n  background-color: #f2f1ef;\n}\n<\/style>\n\t<\/section>","protected":false},"excerpt":{"rendered":"","protected":false},"author":1,"featured_media":0,"parent":0,"menu_order":0,"comment_status":"closed","ping_status":"closed","template":"page-blank-landingpage.php","meta":{"_acf_changed":false,"footnotes":""},"class_list":["post-2391","page","type-page","status-publish","hentry"],"acf":[],"_links":{"self":[{"href":"https:\/\/hama.is\/en\/wp-json\/wp\/v2\/pages\/2391","targetHints":{"allow":["GET"]}}],"collection":[{"href":"https:\/\/hama.is\/en\/wp-json\/wp\/v2\/pages"}],"about":[{"href":"https:\/\/hama.is\/en\/wp-json\/wp\/v2\/types\/page"}],"author":[{"embeddable":true,"href":"https:\/\/hama.is\/en\/wp-json\/wp\/v2\/users\/1"}],"replies":[{"embeddable":true,"href":"https:\/\/hama.is\/en\/wp-json\/wp\/v2\/comments?post=2391"}],"version-history":[{"count":66,"href":"https:\/\/hama.is\/en\/wp-json\/wp\/v2\/pages\/2391\/revisions"}],"predecessor-version":[{"id":2625,"href":"https:\/\/hama.is\/en\/wp-json\/wp\/v2\/pages\/2391\/revisions\/2625"}],"wp:attachment":[{"href":"https:\/\/hama.is\/en\/wp-json\/wp\/v2\/media?parent=2391"}],"curies":[{"name":"wp","href":"https:\/\/api.w.org\/{rel}","templated":true}]}}