{"id":2497,"date":"2026-03-17T09:50:27","date_gmt":"2026-03-17T09:50:27","guid":{"rendered":"https:\/\/hama.is\/?page_id=2497"},"modified":"2026-03-18T14:25:24","modified_gmt":"2026-03-18T14:25:24","slug":"ads-hama","status":"publish","type":"page","link":"https:\/\/hama.is\/en\/ads-hama\/","title":{"rendered":"Ads"},"content":{"rendered":"<div id=\"metaslider-id-2530\" style=\"width: 100%; margin: 0 auto;\" class=\"ml-slider-3-108-0 ml-slider-pro-2-54-0 metaslider metaslider-flex metaslider-2530 ml-slider ms-theme-default-base nav-hidden\" role=\"region\" aria-label=\"Augl\u00fdsingar \u00e1 p\u00f6ntunarskj\u00e1 \u00ed S\u00f6gu\" data-height=\"1920\" data-width=\"1080\">\n    <div id=\"metaslider_container_2530\">\n        <div id=\"metaslider_2530\">\n            <ul class='slides'>\n                <li style=\"display: block; width: 100%;\" class=\"slide-2531 ms-image\" aria-roledescription=\"slide\" data-date=\"2026-03-18 14:23:56\" data-filename=\"Saga-skjar-1.png\" data-slide-type=\"image\"><img loading=\"lazy\" decoding=\"async\" src=\"https:\/\/hama.is\/wp-content\/uploads\/2026\/05\/Saga-skjar-1.png\" height=\"1920\" width=\"1080\" alt=\"\" class=\"slider-2530 slide-2531 msDefaultImage\" title=\"Saga skja\u0301r (1)\" \/><\/li>\n                <li style=\"display: none; width: 100%;\" class=\"slide-2532 ms-image\" aria-roledescription=\"slide\" data-date=\"2026-03-18 14:24:04\" data-filename=\"1-scaled-1080x1920.png\" data-slide-type=\"image\"><img loading=\"lazy\" decoding=\"async\" src=\"https:\/\/hama.is\/wp-content\/uploads\/2026\/04\/1-scaled-1080x1920.png\" height=\"1920\" width=\"1080\" alt=\"\" class=\"slider-2530 slide-2532 msDefaultImage\" title=\"1\" \/><\/li>\n                <li style=\"display: none; width: 100%;\" class=\"slide-2535 ms-image\" aria-roledescription=\"slide\" data-date=\"2026-03-18 14:30:28\" data-filename=\"3-scaled-1080x1920.png\" data-slide-type=\"image\"><img loading=\"lazy\" decoding=\"async\" src=\"https:\/\/hama.is\/wp-content\/uploads\/2026\/04\/3-scaled-1080x1920.png\" height=\"1920\" width=\"1080\" alt=\"\" class=\"slider-2530 slide-2535 msDefaultImage\" title=\"3\" \/><\/li>\n                <li style=\"display: none; width: 100%;\" class=\"slide-2673 ms-image\" aria-roledescription=\"slide\" data-date=\"2026-04-24 14:44:13\" data-filename=\"2-scaled-1080x1920.png\" data-slide-type=\"image\"><img loading=\"lazy\" decoding=\"async\" src=\"https:\/\/hama.is\/wp-content\/uploads\/2026\/04\/2-scaled-1080x1920.png\" height=\"1920\" width=\"1080\" alt=\"\" class=\"slider-2530 slide-2673 msDefaultImage\" title=\"2\" \/><\/li>\n                <li style=\"display: none; width: 100%;\" class=\"slide-2681 ms-image\" aria-roledescription=\"slide\" data-date=\"2026-04-29 09:34:09\" data-filename=\"1_1080x1920.png\" data-slide-type=\"image\"><img loading=\"lazy\" decoding=\"async\" src=\"https:\/\/hama.is\/wp-content\/uploads\/2026\/04\/1_1080x1920.png\" height=\"1920\" width=\"1080\" alt=\"\" class=\"slider-2530 slide-2681 msDefaultImage\" title=\"1_1080x1920\" \/><\/li>\n                <li style=\"display: none; width: 100%;\" class=\"slide-2698 ms-image\" aria-roledescription=\"slide\" data-date=\"2026-05-04 14:36:46\" data-filename=\"Saga-skjar.png\" data-slide-type=\"image\"><img loading=\"lazy\" decoding=\"async\" src=\"https:\/\/hama.is\/wp-content\/uploads\/2026\/05\/Saga-skjar.png\" height=\"1920\" width=\"1080\" alt=\"\" class=\"slider-2530 slide-2698 msDefaultImage\" title=\"Saga skja\u0301r\" \/><\/li>\n            <\/ul>\n        <\/div>\n        \n    <\/div>\n<\/div>\n\n\n\n<p><\/p>","protected":false},"excerpt":{"rendered":"","protected":false},"author":1,"featured_media":0,"parent":0,"menu_order":0,"comment_status":"closed","ping_status":"closed","template":"page-blank-landingpage.php","meta":{"_acf_changed":false,"footnotes":""},"class_list":["post-2497","page","type-page","status-publish","hentry"],"acf":[],"_links":{"self":[{"href":"https:\/\/hama.is\/en\/wp-json\/wp\/v2\/pages\/2497","targetHints":{"allow":["GET"]}}],"collection":[{"href":"https:\/\/hama.is\/en\/wp-json\/wp\/v2\/pages"}],"about":[{"href":"https:\/\/hama.is\/en\/wp-json\/wp\/v2\/types\/page"}],"author":[{"embeddable":true,"href":"https:\/\/hama.is\/en\/wp-json\/wp\/v2\/users\/1"}],"replies":[{"embeddable":true,"href":"https:\/\/hama.is\/en\/wp-json\/wp\/v2\/comments?post=2497"}],"version-history":[{"count":9,"href":"https:\/\/hama.is\/en\/wp-json\/wp\/v2\/pages\/2497\/revisions"}],"predecessor-version":[{"id":2533,"href":"https:\/\/hama.is\/en\/wp-json\/wp\/v2\/pages\/2497\/revisions\/2533"}],"wp:attachment":[{"href":"https:\/\/hama.is\/en\/wp-json\/wp\/v2\/media?parent=2497"}],"curies":[{"name":"wp","href":"https:\/\/api.w.org\/{rel}","templated":true}]}}