{"id":2569,"date":"2026-03-20T10:20:47","date_gmt":"2026-03-20T10:20:47","guid":{"rendered":"https:\/\/hama.is\/?page_id=2569"},"modified":"2026-03-20T15:32:29","modified_gmt":"2026-03-20T15:32:29","slug":"saga-matsedill-vef","status":"publish","type":"page","link":"https:\/\/hama.is\/en\/saga-matsedill-vef\/","title":{"rendered":"Saga-matse\u00f0ill-vef"},"content":{"rendered":"<section class=\"section\" id=\"section_1907623424\">\n\t\t<div class=\"section-bg fill\" >\n\t\t\t\t\t\t\t\t\t\n\t\t\t\n\n\t\t<\/div>\n\n\t\t\n\n\t\t<div class=\"section-content relative\">\n\t\t\t\n\n<div class=\"row\"  id=\"row-1673161545\">\n\n\n<\/div>\n\n\t\t<\/div>\n\n\t\t\n<style>\n#section_1907623424 {\n  padding-top: 30px;\n  padding-bottom: 30px;\n  background-color: #f2f1ef;\n}\n<\/style>\n\t<\/section>\n\t\n\n\t<section class=\"section\" id=\"section_342899880\">\n\t\t<div class=\"section-bg fill\" >\n\t\t\t\t\t\t\t\t\t\n\t\t\t\n\n\t\t<\/div>\n\n\t\t\n\n\t\t<div class=\"section-content relative\">\n\t\t\t\n\n<div class=\"row\"  id=\"row-896451474\">\n\n\n\t<div id=\"col-2016443062\" class=\"col small-12 large-12\"  >\n\t\t\t\t<div class=\"col-inner text-center\"  >\n\t\t\t\n\t\t\t\n\n\t<div class=\"img has-hover x md-x lg-x y md-y lg-y\" id=\"image_382102264\">\n\t\t\t\t\t\t\t\t<div class=\"img-inner dark\" style=\"margin:0px 0px 0px 0px;\">\n\t\t\t<img loading=\"lazy\" decoding=\"async\" width=\"300\" height=\"81\" src=\"https:\/\/hama.is\/wp-content\/uploads\/2024\/05\/FS_Hama_logo.png\" class=\"attachment-large size-large\" alt=\"\" \/>\t\t\t\t\t\t\n\t\t\t\t\t<\/div>\n\t\t\t\t\t\t\t\t\n<style>\n#image_382102264 {\n  width: 25%;\n}\n<\/style>\n\t<\/div>\n\t\n\n\t<div class=\"img has-hover x md-x lg-x y md-y lg-y\" id=\"image_1287779130\">\n\t\t\t\t\t\t\t\t<div class=\"img-inner dark\" style=\"margin:0px 0px 0px 0px;\">\n\t\t\t<img loading=\"lazy\" decoding=\"async\" width=\"1\" height=\"1\" src=\"https:\/\/hama.is\/wp-content\/uploads\/2025\/12\/Asset-1saga.svg\" class=\"attachment-large size-large\" alt=\"\" \/>\t\t\t\t\t\t\n\t\t\t\t\t<\/div>\n\t\t\t\t\t\t\t\t\n<style>\n#image_1287779130 {\n  width: 37%;\n}\n<\/style>\n\t<\/div>\n\t\n\n\n\t\t<\/div>\n\t\t\t\t\n<style>\n#col-2016443062 > .col-inner {\n  padding: 0px 0px 0px 0px;\n  margin: 0px 0px 0px 0px;\n}\n<\/style>\n\t<\/div>\n\n\t\n\n\t<div id=\"col-714464399\" class=\"col small-12 large-12\"  >\n\t\t\t\t<div class=\"col-inner text-center\"  >\n\t\t\t\n\t\t\t\n\n\n\t\t<\/div>\n\t\t\t\t\t<\/div>\n\n\t\n\n\t<div id=\"col-67313081\" class=\"col small-12 large-12\"  >\n\t\t\t\t<div class=\"col-inner text-left\" style=\"background-color:rgba(255, 255, 255, 0.093);\" >\n\t\t\t\n\t<div class=\"is-border\"\n\t\tstyle=\"border-color:rgb(219, 98, 27);border-radius:15px;border-width:3px 3px 3px 3px;\">\n\t<\/div>\n\t\t\t\n\n\t<div id=\"text-2650437953\" class=\"text\">\n\t\t\n\n<h1><strong>Grillr\u00e9ttir<\/strong><\/h1>\n\t\t\n<style>\n#text-2650437953 {\n  font-size: 1rem;\n  text-align: left;\n  color: #d06626;\n}\n#text-2650437953 > * {\n  color: #d06626;\n}\n<\/style>\n\t<\/div>\n\t\n\t<div id=\"text-3534870475\" class=\"text Field-sagamenu\">\n\t\t\n\n<h2><table class=\"acf-repeater-table\"><tbody><tr><td>1<\/td><td>Lambaspj\u00f3t me\u00f0 chimi churri &amp; fersku salati<\/td><td>2.150 kr.<\/td><\/tr><tr><td>2<\/td><td>Kj\u00faklingal\u00e6ri \u00ed black garlic marineringu me\u00f0 fersku salati<\/td><td>2.150 kr.<\/td><\/tr><\/tbody><\/table><\/h2>\n\t\t\n<style>\n#text-3534870475 {\n  font-size: 1.1rem;\n  text-align: left;\n  color: rgb(0,0,0);\n}\n#text-3534870475 > * {\n  color: rgb(0,0,0);\n}\n<\/style>\n\t<\/div>\n\t\n\n\t\t<\/div>\n\t\t\t\t\n<style>\n#col-67313081 > .col-inner {\n  padding: 20px 20px 20px 20px;\n  border-radius: 12px;\n}\n<\/style>\n\t<\/div>\n\n\t\n\n\t<div id=\"col-105436082\" class=\"col small-12 large-12\"  >\n\t\t\t\t<div class=\"col-inner text-left\" style=\"background-color:rgba(255, 255, 255, 0.093);\" >\n\t\t\t\n\t<div class=\"is-border\"\n\t\tstyle=\"border-color:rgb(219, 98, 27);border-radius:15px;border-width:3px 3px 3px 3px;\">\n\t<\/div>\n\t\t\t\n\n\t<div id=\"text-2820446907\" class=\"text\">\n\t\t\n\n<h1><strong>Samlokur<\/strong><\/h1>\n\t\t\n<style>\n#text-2820446907 {\n  font-size: 1rem;\n  text-align: left;\n  color: #d06626;\n}\n#text-2820446907 > * {\n  color: #d06626;\n}\n<\/style>\n\t<\/div>\n\t\n\t<div id=\"text-4221743011\" class=\"text Field-sagamenu\">\n\t\t\n\n<h2 style=\"text-align: left;\"><table class=\"acf-repeater-table\"><tbody><tr><td>3<\/td><td>Gr\u00edsaloka \u00e1 smj\u00f6rsteiktu brau\u00f0i me\u00f0 BBQ &amp; hv\u00edtlaukss\u00f3su<\/td><td>2.150 kr.<\/td><\/tr><tr><td>4<\/td><td>Steikarloka me\u00f0 bernaise &amp; pikklu\u00f0um lauk<\/td><td>2.150 kr. <\/td><\/tr><tr><td>5<\/td><td>Vegan &quot;kj\u00faklinga&quot; loka \u00ed black garlic marineringu me\u00f0 hv\u00edtlauksaioli<\/td><td>2.150 kr.<\/td><\/tr><tr><td>6<\/td><td>T\u00edgrisr\u00e6kju tortilla me\u00f0 mango &amp; chili<\/td><td>2.150 kr.<\/td><\/tr><tr><td>7<\/td><td>Skinku- og ostasamloka \u00e1 smj\u00f6rsteiktu brau\u00f0i me\u00f0 hunangssinnepss\u00f3su<\/td><td>1.650 kr.<\/td><\/tr><tr><td>8<\/td><td>Kj\u00faklingasamloka <\/td><td>2.150 kr.<\/td><\/tr><\/tbody><\/table><\/h2>\n\t\t\n<style>\n#text-4221743011 {\n  font-size: 1.1rem;\n  text-align: left;\n  color: rgb(0,0,0);\n}\n#text-4221743011 > * {\n  color: rgb(0,0,0);\n}\n<\/style>\n\t<\/div>\n\t\n\n\t\t<\/div>\n\t\t\t\t\n<style>\n#col-105436082 > .col-inner {\n  padding: 20px 20px 20px 20px;\n  border-radius: 12px;\n}\n<\/style>\n\t<\/div>\n\n\t\n\n\t<div id=\"col-983343505\" class=\"col small-12 large-12\"  >\n\t\t\t\t<div class=\"col-inner text-left\" style=\"background-color:rgba(255, 255, 255, 0.093);\" >\n\t\t\t\n\t<div class=\"is-border\"\n\t\tstyle=\"border-color:rgb(219, 98, 27);border-radius:15px;border-width:3px 3px 3px 3px;\">\n\t<\/div>\n\t\t\t\n\n\t<div id=\"text-1223965518\" class=\"text\">\n\t\t\n\n<h1><strong>Kart\u00f6flur<\/strong><\/h1>\n\t\t\n<style>\n#text-1223965518 {\n  font-size: 1rem;\n  text-align: left;\n  color: #d06626;\n}\n#text-1223965518 > * {\n  color: #d06626;\n}\n<\/style>\n\t<\/div>\n\t\n\t<div id=\"text-83901746\" class=\"text Field-sagamenu\">\n\t\t\n\n<h2><table class=\"acf-repeater-table\"><tbody><tr><td>9<\/td><td>Smassa\u00f0ar kart\u00f6flur me\u00f0 chili con carne<\/td><td>1.850 kr.<\/td><\/tr><tr><td>10<\/td><td>Smassa\u00f0ar kart\u00f6flur me\u00f0 kj\u00faklingi<\/td><td>1.850 kr.<\/td><\/tr><tr><td>11<\/td><td>Smassa\u00f0ar kart\u00f6flur me\u00f0 gr\u00e6nmetisbollum<\/td><td>1.850 kr.<\/td><\/tr><tr><td>12<\/td><td>Dj\u00fapsteikt sm\u00e6lki \u00ed r\u00f3smar\u00edn &amp; s\u00edtrus ol\u00edu<\/td><td>750 kr.<\/td><\/tr><\/tbody><\/table><\/h2>\n\t\t\n<style>\n#text-83901746 {\n  font-size: 1.1rem;\n  text-align: left;\n  color: rgb(0,0,0);\n}\n#text-83901746 > * {\n  color: rgb(0,0,0);\n}\n<\/style>\n\t<\/div>\n\t\n\n\t\t<\/div>\n\t\t\t\t\n<style>\n#col-983343505 > .col-inner {\n  padding: 20px 20px 20px 20px;\n  border-radius: 12px;\n}\n<\/style>\n\t<\/div>\n\n\t\n\n<\/div>\n\n\t\t<\/div>\n\n\t\t\n<style>\n#section_342899880 {\n  padding-top: 10px;\n  padding-bottom: 10px;\n  background-color: rgb(242, 241, 239);\n}\n<\/style>\n\t<\/section>\n\t\n\n\t<section class=\"section\" id=\"section_1800707966\">\n\t\t<div class=\"section-bg fill\" >\n\t\t\t\t\t\t\t\t\t\n\t\t\t\n\n\t\t<\/div>\n\n\t\t\n\n\t\t<div class=\"section-content relative\">\n\t\t\t\n\n<h2 class=\"uppercase\" style=\"text-align: center;\">Saga \u2013 Hagatorgi<br \/>H\u00e1ma \u00e1 S\u00f6gu er opin fr\u00e1 kl. 08:00 til 15:00.<br \/>Hot meals are available from 11:30 to 14:00.<\/h2>\n<p>\u00a0<\/p>\n\n\t\t<\/div>\n\n\t\t\n<style>\n#section_1800707966 {\n  padding-top: 30px;\n  padding-bottom: 30px;\n}\n<\/style>\n\t<\/section>\n\t\n\t<div id=\"gap-1137225854\" class=\"gap-element clearfix hide-for-small\" style=\"display:block; height:auto;\">\n\t\t\n<style>\n#gap-1137225854 {\n  padding-top: 80px;\n}\n<\/style>\n\t<\/div>\n\t\n\n\n\t<section class=\"section\" id=\"section_320489501\">\n\t\t<div class=\"section-bg fill\" >\n\t\t\t\t\t\t\t\t\t\n\t\t\t\n\t<div class=\"is-border\"\n\t\tstyle=\"border-width:0px 0px 0px 0px;\">\n\t<\/div>\n\n\t\t<\/div>\n\n\t\t\n\n\t\t<div class=\"section-content relative\">\n\t\t\t\n\n<div class=\"row align-center\" style=\"max-width:1600px\" id=\"row-1881541541\">\n\n\n\t<div id=\"col-1356555944\" class=\"col medium-4 small-7 large-2\"  >\n\t\t\t\t<div class=\"col-inner\"  >\n\t\t\t\n\t\t\t\n\n\t<div class=\"img has-hover show-for-medium x md-x lg-x y md-y lg-y\" id=\"image_1249186509\">\n\t\t\t\t\t\t\t\t<div class=\"img-inner dark\" >\n\t\t\t<img loading=\"lazy\" decoding=\"async\" width=\"300\" height=\"81\" src=\"https:\/\/hama.is\/wp-content\/uploads\/2024\/05\/FS_Hama_logo.png\" class=\"attachment-large size-large\" alt=\"\" \/>\t\t\t\t\t\t\n\t\t\t\t\t<\/div>\n\t\t\t\t\t\t\t\t\n<style>\n#image_1249186509 {\n  width: 100%;\n}\n<\/style>\n\t<\/div>\n\t\n\n\n\t\t<\/div>\n\t\t\t\t\n<style>\n#col-1356555944 > .col-inner {\n  padding: 0px 0px 20px 0px;\n}\n@media (min-width:550px) {\n  #col-1356555944 > .col-inner {\n    padding: 0px 30px 0px 0px;\n  }\n}\n<\/style>\n\t<\/div>\n\n\t\n\n\t<div id=\"col-1842229\" class=\"col hama-logo-footer-container medium-3 small-6 large-3\"  >\n\t\t\t\t<div class=\"col-inner text-center\"  >\n\t\t\t\n\t\t\t\n\n\t<div class=\"img has-hover hama-logo-footer x md-x lg-x y md-y lg-y\" id=\"image_1578681496\">\n\t\t\t\t\t\t\t\t<div class=\"img-inner dark\" >\n\t\t\t<img loading=\"lazy\" decoding=\"async\" width=\"327\" height=\"395\" src=\"https:\/\/hama.is\/wp-content\/uploads\/2024\/05\/logo-black2.jpg\" class=\"attachment-large size-large\" alt=\"\" srcset=\"https:\/\/hama.is\/wp-content\/uploads\/2024\/05\/logo-black2.jpg 327w, https:\/\/hama.is\/wp-content\/uploads\/2024\/05\/logo-black2-248x300.jpg 248w\" sizes=\"auto, (max-width: 327px) 100vw, 327px\" \/>\t\t\t\t\t\t\n\t\t\t\t\t<\/div>\n\t\t\t\t\t\t\t\t\n<style>\n#image_1578681496 {\n  width: 74%;\n}\n<\/style>\n\t<\/div>\n\t\n\n\n\t\t<\/div>\n\t\t\t\t\t<\/div>\n\n\t\n\n\t<div id=\"col-1622669880\" class=\"col medium-5 small-7 large-2\"  >\n\t\t\t\t<div class=\"col-inner text-left\"  >\n\t\t\t\n\t\t\t\n\n<p class=\"uppercase\"><span style=\"color: #808080;\"><strong><a style=\"color: #808080;\" href=\"https:\/\/hama.is\/en\/opnunartimar\/\">Opening Hours<\/a><\/strong><\/span><\/p>\n<p class=\"uppercase\"><span style=\"color: #808080;\"><strong><a style=\"color: #808080;\" href=\"\/en\/opnunartimar\/\">Locations<\/a><\/strong><\/span><\/p>\n<p class=\"uppercase\"><span style=\"color: #808080;\"><strong><a style=\"color: #808080;\" href=\"https:\/\/hama.is\/en\/hafa-samband\/\">Contact us<\/a><\/strong><\/span><\/p>\n\n\n\t\t<\/div>\n\t\t\t\t\t<\/div>\n\n\t\n\n<\/div>\n\n\t\t<\/div>\n\n\t\t\n<style>\n#section_320489501 {\n  padding-top: 30px;\n  padding-bottom: 30px;\n  background-color: rgba(0, 0, 0, 0.14);\n}\n<\/style>\n\t<\/section>","protected":false},"excerpt":{"rendered":"","protected":false},"author":1,"featured_media":0,"parent":0,"menu_order":0,"comment_status":"closed","ping_status":"closed","template":"page-blank.php","meta":{"_acf_changed":false,"footnotes":""},"class_list":["post-2569","page","type-page","status-publish","hentry"],"acf":[],"_links":{"self":[{"href":"https:\/\/hama.is\/en\/wp-json\/wp\/v2\/pages\/2569","targetHints":{"allow":["GET"]}}],"collection":[{"href":"https:\/\/hama.is\/en\/wp-json\/wp\/v2\/pages"}],"about":[{"href":"https:\/\/hama.is\/en\/wp-json\/wp\/v2\/types\/page"}],"author":[{"embeddable":true,"href":"https:\/\/hama.is\/en\/wp-json\/wp\/v2\/users\/1"}],"replies":[{"embeddable":true,"href":"https:\/\/hama.is\/en\/wp-json\/wp\/v2\/comments?post=2569"}],"version-history":[{"count":9,"href":"https:\/\/hama.is\/en\/wp-json\/wp\/v2\/pages\/2569\/revisions"}],"predecessor-version":[{"id":2602,"href":"https:\/\/hama.is\/en\/wp-json\/wp\/v2\/pages\/2569\/revisions\/2602"}],"wp:attachment":[{"href":"https:\/\/hama.is\/en\/wp-json\/wp\/v2\/media?parent=2569"}],"curies":[{"name":"wp","href":"https:\/\/api.w.org\/{rel}","templated":true}]}}