{"id":2612,"date":"2026-03-31T09:36:35","date_gmt":"2026-03-31T09:36:35","guid":{"rendered":"https:\/\/hama.is\/?page_id=2612"},"modified":"2026-03-31T09:52:28","modified_gmt":"2026-03-31T09:52:28","slug":"hama-s1","status":"publish","type":"page","link":"https:\/\/hama.is\/en\/hama-s1\/","title":{"rendered":"H\u00e1ma &#8211; Skj\u00e1r &#8211; h\u00e1sk\u00f3lamatur"},"content":{"rendered":"<div id=\"metaslider-id-2609\" style=\"width: 100%; margin: 0 auto;\" class=\"ml-slider-3-108-0 ml-slider-pro-2-54-0 metaslider metaslider-flex metaslider-2609 ml-slider ms-theme-default-base nav-hidden\" role=\"region\" aria-label=\"Skj\u00e1r H\u00e1ma - H\u00e1sk\u00f3lamatur\" data-height=\"2160\" data-width=\"3840\">\n    <div id=\"metaslider_container_2609\">\n        <div id=\"metaslider_2609\">\n            <ul aria-live='off' class='slides'>\n                <li style=\"display: block; width: 100%;\" class=\"slide-2610 ms-image\" aria-roledescription=\"slide\" data-date=\"2026-03-31 09:33:40\" data-filename=\"20918-1500x843.jpg\" data-slide-type=\"image\"><img loading=\"lazy\" decoding=\"async\" src=\"https:\/\/hama.is\/wp-content\/uploads\/2024\/05\/20918-1500x843.jpg\" height=\"2160\" width=\"3840\" alt=\"\" class=\"slider-2609 slide-2610 msDefaultImage\" title=\"20918\" \/><\/li>\n                <li style=\"display: none; width: 100%;\" class=\"slide-2611 ms-image\" aria-roledescription=\"slide\" data-date=\"2026-03-31 09:35:24\" data-filename=\"pie-with-apples-pie-table-scaled-2560x1440.jpg\" data-slide-type=\"image\"><img loading=\"lazy\" decoding=\"async\" src=\"https:\/\/hama.is\/wp-content\/uploads\/2024\/05\/pie-with-apples-pie-table-scaled-2560x1440.jpg\" height=\"2160\" width=\"3840\" alt=\"\" class=\"slider-2609 slide-2611 msDefaultImage\" title=\"pie-with-apples-pie-table\" \/><\/li>\n            <\/ul>\n        <\/div>\n        \n    <\/div>\n<\/div>\n\n\n\n<p><\/p>","protected":false},"excerpt":{"rendered":"","protected":false},"author":1,"featured_media":0,"parent":0,"menu_order":0,"comment_status":"closed","ping_status":"closed","template":"page-blank-landingpage.php","meta":{"_acf_changed":false,"footnotes":""},"class_list":["post-2612","page","type-page","status-publish","hentry"],"acf":[],"_links":{"self":[{"href":"https:\/\/hama.is\/en\/wp-json\/wp\/v2\/pages\/2612","targetHints":{"allow":["GET"]}}],"collection":[{"href":"https:\/\/hama.is\/en\/wp-json\/wp\/v2\/pages"}],"about":[{"href":"https:\/\/hama.is\/en\/wp-json\/wp\/v2\/types\/page"}],"author":[{"embeddable":true,"href":"https:\/\/hama.is\/en\/wp-json\/wp\/v2\/users\/1"}],"replies":[{"embeddable":true,"href":"https:\/\/hama.is\/en\/wp-json\/wp\/v2\/comments?post=2612"}],"version-history":[{"count":4,"href":"https:\/\/hama.is\/en\/wp-json\/wp\/v2\/pages\/2612\/revisions"}],"predecessor-version":[{"id":2617,"href":"https:\/\/hama.is\/en\/wp-json\/wp\/v2\/pages\/2612\/revisions\/2617"}],"wp:attachment":[{"href":"https:\/\/hama.is\/en\/wp-json\/wp\/v2\/media?parent=2612"}],"curies":[{"name":"wp","href":"https:\/\/api.w.org\/{rel}","templated":true}]}}